{"id":2497,"date":"2023-06-13T23:19:16","date_gmt":"2023-06-13T21:19:16","guid":{"rendered":"https:\/\/phillipgatti.pl\/?post_type=product&#038;p=2497"},"modified":"2025-11-17T16:29:31","modified_gmt":"2025-11-17T15:29:31","slug":"zegarek-damski-phillip-gatti-fashion-5","status":"publish","type":"product","link":"https:\/\/phillipgatti.pl\/en\/product\/zegarek-damski-phillip-gatti-fashion-5\/","title":{"rendered":"PHILLIP GATTI FASHION"},"content":{"rendered":"<p>Phillip Gatti Fashion z modnej serii zegark\u00f3w klasycznych dla kobiet. Jego elegancki design sprawi, \u017ce zawsze poczujesz si\u0119 w nim dobrze. Bia\u0142a tarcza, koperta w kolorze r\u00f3\u017cowego z\u0142ota i br\u0105zowy pasek to ponadczasowy design. Minimalistyczny z delikatnymi akcentami, reprezentuje subtelno\u015b\u0107 z profesjonalizmem, pasuj\u0105c\u0105 do tych, kt\u00f3rzy d\u0105\u017c\u0105 do sukcesu. Naturalna sk\u00f3ra u\u017cyta przy produkcji paska zadba o Twoj\u0105 wygod\u0119 i jego wytrzyma\u0142o\u015b\u0107. Szkie\u0142ko mineralne sprawi, \u017ce nie b\u0119dziesz si\u0119 martwi\u0107 zarysowaniami, a japo\u0144skie mechanizmy ruchowe, \u017ce docenisz jego niezawodno\u015b\u0107!<\/p>\n<p>Phillip Gatti &#8211; poczuj, \u017ce to Tw\u00f3j czas!<\/p>","protected":false},"excerpt":{"rendered":"<p>Darmowa wysy\u0142ka, Darmowe zwroty, 2 lata gwarancji!<\/p>","protected":false},"featured_media":2483,"comment_status":"closed","ping_status":"closed","template":"","meta":[],"product_brand":[],"product_cat":[71],"product_tag":[],"class_list":{"0":"post-2497","1":"product","2":"type-product","3":"status-publish","4":"has-post-thumbnail","6":"product_cat-damskie","8":"first","9":"instock","10":"sale","11":"taxable","12":"shipping-taxable","13":"purchasable","14":"product-type-simple"},"yoast_head":"<!-- This site is optimized with the Yoast SEO plugin v26.4 - https:\/\/yoast.com\/wordpress\/plugins\/seo\/ -->\n<title>Zegarek m\u0119ski Phillip Gatti, modne zegarki dla kobiet i m\u0119\u017cczyzn<\/title>\n<meta name=\"description\" content=\"Phillip Gatti Fashion z modnej serii zegark\u00f3w klasycznych dla kobiet. Prosty, elegancki, wygodny. Darmowa wysy\u0142ka i zwrot. 2 lata gwarancji!\" \/>\n<meta name=\"robots\" content=\"index, follow, max-snippet:-1, max-image-preview:large, max-video-preview:-1\" \/>\n<link rel=\"canonical\" href=\"https:\/\/phillipgatti.pl\/en\/product\/zegarek-damski-phillip-gatti-fashion-5\/\" \/>\n<meta property=\"og:locale\" content=\"en_US\" \/>\n<meta property=\"og:type\" content=\"article\" \/>\n<meta property=\"og:title\" content=\"Phillip Gatti Fashion\" \/>\n<meta property=\"og:description\" content=\"Zegarek Phillip Gatti Fashion dla kobiet. Prosty, elegancki, wygodny. Darmowa wysy\u0142ka i zwrot. DO\u017bYWOTNIA GWARANCJA! Phillip Gatti - to Tw\u00f3j czas!\" \/>\n<meta property=\"og:url\" content=\"https:\/\/phillipgatti.pl\/en\/product\/zegarek-damski-phillip-gatti-fashion-5\/\" \/>\n<meta property=\"og:site_name\" content=\"PHILLIP GATTI\" \/>\n<meta property=\"article:publisher\" content=\"https:\/\/www.facebook.com\/avatarnia\" \/>\n<meta property=\"article:modified_time\" content=\"2025-11-17T15:29:31+00:00\" \/>\n<meta property=\"og:image\" content=\"https:\/\/phillipgatti.pl\/wp-content\/uploads\/2023\/06\/3-scaled.jpg\" \/>\n\t<meta property=\"og:image:width\" content=\"2560\" \/>\n\t<meta property=\"og:image:height\" content=\"2560\" \/>\n\t<meta property=\"og:image:type\" content=\"image\/jpeg\" \/>\n<meta name=\"twitter:card\" content=\"summary_large_image\" \/>\n<meta name=\"twitter:label1\" content=\"Est. reading time\" \/>\n\t<meta name=\"twitter:data1\" content=\"1 minute\" \/>\n<script type=\"application\/ld+json\" class=\"yoast-schema-graph\">{\"@context\":\"https:\/\/schema.org\",\"@graph\":[{\"@type\":\"WebPage\",\"@id\":\"https:\/\/phillipgatti.pl\/produkt\/zegarek-damski-phillip-gatti-fashion-5\/\",\"url\":\"https:\/\/phillipgatti.pl\/produkt\/zegarek-damski-phillip-gatti-fashion-5\/\",\"name\":\"Zegarek m\u0119ski Phillip Gatti, modne zegarki dla kobiet i m\u0119\u017cczyzn\",\"isPartOf\":{\"@id\":\"https:\/\/phillipgatti.pl\/#website\"},\"primaryImageOfPage\":{\"@id\":\"https:\/\/phillipgatti.pl\/produkt\/zegarek-damski-phillip-gatti-fashion-5\/#primaryimage\"},\"image\":{\"@id\":\"https:\/\/phillipgatti.pl\/produkt\/zegarek-damski-phillip-gatti-fashion-5\/#primaryimage\"},\"thumbnailUrl\":\"https:\/\/phillipgatti.pl\/wp-content\/uploads\/2023\/06\/3-scaled.jpg\",\"datePublished\":\"2023-06-13T21:19:16+00:00\",\"dateModified\":\"2025-11-17T15:29:31+00:00\",\"description\":\"Phillip Gatti Fashion z modnej serii zegark\u00f3w klasycznych dla kobiet. Prosty, elegancki, wygodny. Darmowa wysy\u0142ka i zwrot. 2 lata gwarancji!\",\"breadcrumb\":{\"@id\":\"https:\/\/phillipgatti.pl\/produkt\/zegarek-damski-phillip-gatti-fashion-5\/#breadcrumb\"},\"inLanguage\":\"en-US\",\"potentialAction\":[{\"@type\":\"ReadAction\",\"target\":[\"https:\/\/phillipgatti.pl\/produkt\/zegarek-damski-phillip-gatti-fashion-5\/\"]}]},{\"@type\":\"ImageObject\",\"inLanguage\":\"en-US\",\"@id\":\"https:\/\/phillipgatti.pl\/produkt\/zegarek-damski-phillip-gatti-fashion-5\/#primaryimage\",\"url\":\"https:\/\/phillipgatti.pl\/wp-content\/uploads\/2023\/06\/3-scaled.jpg\",\"contentUrl\":\"https:\/\/phillipgatti.pl\/wp-content\/uploads\/2023\/06\/3-scaled.jpg\",\"width\":2560,\"height\":2560},{\"@type\":\"BreadcrumbList\",\"@id\":\"https:\/\/phillipgatti.pl\/produkt\/zegarek-damski-phillip-gatti-fashion-5\/#breadcrumb\",\"itemListElement\":[{\"@type\":\"ListItem\",\"position\":1,\"name\":\"Strona g\u0142\u00f3wna\",\"item\":\"https:\/\/phillipgatti.pl\/\"},{\"@type\":\"ListItem\",\"position\":2,\"name\":\"Sklep\",\"item\":\"https:\/\/phillipgatti.pl\/shop\/\"},{\"@type\":\"ListItem\",\"position\":3,\"name\":\"PHILLIP GATTI FASHION\"}]},{\"@type\":\"WebSite\",\"@id\":\"https:\/\/phillipgatti.pl\/#website\",\"url\":\"https:\/\/phillipgatti.pl\/\",\"name\":\"PHILLIP GATTI\",\"description\":\"Czas dla koneser&oacute;w - Zegarki PHILLIP GATTI\",\"publisher\":{\"@id\":\"https:\/\/phillipgatti.pl\/#organization\"},\"potentialAction\":[{\"@type\":\"SearchAction\",\"target\":{\"@type\":\"EntryPoint\",\"urlTemplate\":\"https:\/\/phillipgatti.pl\/?s={search_term_string}\"},\"query-input\":{\"@type\":\"PropertyValueSpecification\",\"valueRequired\":true,\"valueName\":\"search_term_string\"}}],\"inLanguage\":\"en-US\"},{\"@type\":\"Organization\",\"@id\":\"https:\/\/phillipgatti.pl\/#organization\",\"name\":\"phillipgatti.pl\",\"url\":\"https:\/\/phillipgatti.pl\/\",\"logo\":{\"@type\":\"ImageObject\",\"inLanguage\":\"en-US\",\"@id\":\"https:\/\/phillipgatti.pl\/#\/schema\/logo\/image\/\",\"url\":\"https:\/\/phillipgatti.pl\/wp-content\/uploads\/2023\/07\/cropped-pg-logo.jpg\",\"contentUrl\":\"https:\/\/phillipgatti.pl\/wp-content\/uploads\/2023\/07\/cropped-pg-logo.jpg\",\"width\":512,\"height\":512,\"caption\":\"phillipgatti.pl\"},\"image\":{\"@id\":\"https:\/\/phillipgatti.pl\/#\/schema\/logo\/image\/\"},\"sameAs\":[\"https:\/\/www.facebook.com\/avatarnia\",\"https:\/\/www.youtube.com\/@avatarnia6404\",\"https:\/\/www.tiktok.com\/@avatarnia?lang=en\",\"https:\/\/www.instagram.com\/avatarnia.pl\/\"]}]}<\/script>\n<!-- \/ Yoast SEO plugin. -->","yoast_head_json":{"title":"Zegarek m\u0119ski Phillip Gatti, modne zegarki dla kobiet i m\u0119\u017cczyzn","description":"Phillip Gatti Fashion z modnej serii zegark\u00f3w klasycznych dla kobiet. Prosty, elegancki, wygodny. Darmowa wysy\u0142ka i zwrot. 2 lata gwarancji!","robots":{"index":"index","follow":"follow","max-snippet":"max-snippet:-1","max-image-preview":"max-image-preview:large","max-video-preview":"max-video-preview:-1"},"canonical":"https:\/\/phillipgatti.pl\/en\/product\/zegarek-damski-phillip-gatti-fashion-5\/","og_locale":"en_US","og_type":"article","og_title":"Phillip Gatti Fashion","og_description":"Zegarek Phillip Gatti Fashion dla kobiet. Prosty, elegancki, wygodny. Darmowa wysy\u0142ka i zwrot. DO\u017bYWOTNIA GWARANCJA! Phillip Gatti - to Tw\u00f3j czas!","og_url":"https:\/\/phillipgatti.pl\/en\/product\/zegarek-damski-phillip-gatti-fashion-5\/","og_site_name":"PHILLIP GATTI","article_publisher":"https:\/\/www.facebook.com\/avatarnia","article_modified_time":"2025-11-17T15:29:31+00:00","og_image":[{"width":2560,"height":2560,"url":"https:\/\/phillipgatti.pl\/wp-content\/uploads\/2023\/06\/3-scaled.jpg","type":"image\/jpeg"}],"twitter_card":"summary_large_image","twitter_misc":{"Est. reading time":"1 minute"},"schema":{"@context":"https:\/\/schema.org","@graph":[{"@type":"WebPage","@id":"https:\/\/phillipgatti.pl\/produkt\/zegarek-damski-phillip-gatti-fashion-5\/","url":"https:\/\/phillipgatti.pl\/produkt\/zegarek-damski-phillip-gatti-fashion-5\/","name":"Zegarek m\u0119ski Phillip Gatti, modne zegarki dla kobiet i m\u0119\u017cczyzn","isPartOf":{"@id":"https:\/\/phillipgatti.pl\/#website"},"primaryImageOfPage":{"@id":"https:\/\/phillipgatti.pl\/produkt\/zegarek-damski-phillip-gatti-fashion-5\/#primaryimage"},"image":{"@id":"https:\/\/phillipgatti.pl\/produkt\/zegarek-damski-phillip-gatti-fashion-5\/#primaryimage"},"thumbnailUrl":"https:\/\/phillipgatti.pl\/wp-content\/uploads\/2023\/06\/3-scaled.jpg","datePublished":"2023-06-13T21:19:16+00:00","dateModified":"2025-11-17T15:29:31+00:00","description":"Phillip Gatti Fashion z modnej serii zegark\u00f3w klasycznych dla kobiet. Prosty, elegancki, wygodny. Darmowa wysy\u0142ka i zwrot. 2 lata gwarancji!","breadcrumb":{"@id":"https:\/\/phillipgatti.pl\/produkt\/zegarek-damski-phillip-gatti-fashion-5\/#breadcrumb"},"inLanguage":"en-US","potentialAction":[{"@type":"ReadAction","target":["https:\/\/phillipgatti.pl\/produkt\/zegarek-damski-phillip-gatti-fashion-5\/"]}]},{"@type":"ImageObject","inLanguage":"en-US","@id":"https:\/\/phillipgatti.pl\/produkt\/zegarek-damski-phillip-gatti-fashion-5\/#primaryimage","url":"https:\/\/phillipgatti.pl\/wp-content\/uploads\/2023\/06\/3-scaled.jpg","contentUrl":"https:\/\/phillipgatti.pl\/wp-content\/uploads\/2023\/06\/3-scaled.jpg","width":2560,"height":2560},{"@type":"BreadcrumbList","@id":"https:\/\/phillipgatti.pl\/produkt\/zegarek-damski-phillip-gatti-fashion-5\/#breadcrumb","itemListElement":[{"@type":"ListItem","position":1,"name":"Strona g\u0142\u00f3wna","item":"https:\/\/phillipgatti.pl\/"},{"@type":"ListItem","position":2,"name":"Sklep","item":"https:\/\/phillipgatti.pl\/shop\/"},{"@type":"ListItem","position":3,"name":"PHILLIP GATTI FASHION"}]},{"@type":"WebSite","@id":"https:\/\/phillipgatti.pl\/#website","url":"https:\/\/phillipgatti.pl\/","name":"PHILLIP GATTI","description":"Czas dla koneser&oacute;w - Zegarki PHILLIP GATTI","publisher":{"@id":"https:\/\/phillipgatti.pl\/#organization"},"potentialAction":[{"@type":"SearchAction","target":{"@type":"EntryPoint","urlTemplate":"https:\/\/phillipgatti.pl\/?s={search_term_string}"},"query-input":{"@type":"PropertyValueSpecification","valueRequired":true,"valueName":"search_term_string"}}],"inLanguage":"en-US"},{"@type":"Organization","@id":"https:\/\/phillipgatti.pl\/#organization","name":"phillipgatti.pl","url":"https:\/\/phillipgatti.pl\/","logo":{"@type":"ImageObject","inLanguage":"en-US","@id":"https:\/\/phillipgatti.pl\/#\/schema\/logo\/image\/","url":"https:\/\/phillipgatti.pl\/wp-content\/uploads\/2023\/07\/cropped-pg-logo.jpg","contentUrl":"https:\/\/phillipgatti.pl\/wp-content\/uploads\/2023\/07\/cropped-pg-logo.jpg","width":512,"height":512,"caption":"phillipgatti.pl"},"image":{"@id":"https:\/\/phillipgatti.pl\/#\/schema\/logo\/image\/"},"sameAs":["https:\/\/www.facebook.com\/avatarnia","https:\/\/www.youtube.com\/@avatarnia6404","https:\/\/www.tiktok.com\/@avatarnia?lang=en","https:\/\/www.instagram.com\/avatarnia.pl\/"]}]}},"_links":{"self":[{"href":"https:\/\/phillipgatti.pl\/en\/wp-json\/wp\/v2\/product\/2497","targetHints":{"allow":["GET"]}}],"collection":[{"href":"https:\/\/phillipgatti.pl\/en\/wp-json\/wp\/v2\/product"}],"about":[{"href":"https:\/\/phillipgatti.pl\/en\/wp-json\/wp\/v2\/types\/product"}],"replies":[{"embeddable":true,"href":"https:\/\/phillipgatti.pl\/en\/wp-json\/wp\/v2\/comments?post=2497"}],"wp:featuredmedia":[{"embeddable":true,"href":"https:\/\/phillipgatti.pl\/en\/wp-json\/wp\/v2\/media\/2483"}],"wp:attachment":[{"href":"https:\/\/phillipgatti.pl\/en\/wp-json\/wp\/v2\/media?parent=2497"}],"wp:term":[{"taxonomy":"product_brand","embeddable":true,"href":"https:\/\/phillipgatti.pl\/en\/wp-json\/wp\/v2\/product_brand?post=2497"},{"taxonomy":"product_cat","embeddable":true,"href":"https:\/\/phillipgatti.pl\/en\/wp-json\/wp\/v2\/product_cat?post=2497"},{"taxonomy":"product_tag","embeddable":true,"href":"https:\/\/phillipgatti.pl\/en\/wp-json\/wp\/v2\/product_tag?post=2497"}],"curies":[{"name":"wp","href":"https:\/\/api.w.org\/{rel}","templated":true}]}}