{"id":2596,"date":"2023-07-26T17:04:32","date_gmt":"2023-07-26T15:04:32","guid":{"rendered":"https:\/\/phillipgatti.pl\/?page_id=2596"},"modified":"2023-07-26T17:12:11","modified_gmt":"2023-07-26T15:12:11","slug":"rodo","status":"publish","type":"page","link":"https:\/\/phillipgatti.pl\/en\/rodo\/","title":{"rendered":"RODO"},"content":{"rendered":"<div data-elementor-type=\"wp-page\" data-elementor-id=\"2596\" class=\"elementor elementor-2596\" data-elementor-post-type=\"page\">\n\t\t\t\t<div class=\"elementor-element elementor-element-583df6a2 e-flex e-con-boxed e-con e-parent\" data-id=\"583df6a2\" data-element_type=\"container\" data-settings=\"{&quot;background_background&quot;:&quot;classic&quot;}\">\n\t\t\t\t\t<div class=\"e-con-inner\">\n\t\t\t\t<div class=\"elementor-element elementor-element-7bbc418b elementor-widget elementor-widget-heading\" data-id=\"7bbc418b\" data-element_type=\"widget\" data-widget_type=\"heading.default\">\n\t\t\t\t\t<h1 class=\"elementor-heading-title elementor-size-default\">Rodo<\/h1>\t\t\t\t<\/div>\n\t\t\t\t<div class=\"elementor-element elementor-element-a0742cc elementor-widget elementor-widget-text-editor\" data-id=\"a0742cc\" data-element_type=\"widget\" data-widget_type=\"text-editor.default\">\n\t\t\t\t\t\t\t\t\t<h1>Obowi\u0105zek informacyjny RODO<\/h1><p>Poni\u017csza informacja stanowi zwi\u0119z\u0142y, zrozumia\u0142y i przejrzysty skr\u00f3t informacji zamieszczonych w\u00a0<a href=\"https:\/\/phillipgatti.pl\/en\/terms-privacy\/\">Polityce Prywatno\u015bci<\/a>\u00a0odno\u015bnie Administratora danych, celu i sposobu przetwarzania danych osobowych oraz Twoich praw w zwi\u0105zku z tym przetwarzaniem, w formie wymaganej do spe\u0142nienia obowi\u0105zku informacyjnego RODO. Szczeg\u00f3\u0142y dotycz\u0105ce sposobu przetwarzania i podmiot\u00f3w uczestnicz\u0105cych w tym procesie dost\u0119pne s\u0105 we wskazanej polityce.<\/p><h2>Kto jest administratorem danych?<\/h2><p>Administratorem Danych Osobowych (dalej Administrator) jest firma &#8222;Przemys\u0142aw Bajgot&#8221;, prowadz\u0105ca dzia\u0142alno\u015b\u0107 pod adresem: 89-600 Chojnice, ul. Broniewskiego 26, o nadanym numerze identyfikacji podatkowej (NIP): 5552117984, \u015bwiadcz\u0105ca us\u0142ugi drog\u0105 elektroniczn\u0105 za po\u015brednictwem Serwisu<\/p><h2>Jak mo\u017cna skontaktowa\u0107 si\u0119 z administratorem danych?<\/h2><p>Z Administratorem mo\u017cna skontaktowa\u0107 si\u0119 w jeden z poni\u017cszych sposob\u00f3w<\/p><ul><li><p><strong>Adres pocztowy<\/strong>\u00a0&#8211; Przemys\u0142aw Bajgot, 89-600 Chojnice, ul. Broniewskiego 26<\/p><\/li><li><p><strong>Adres poczty elektronicznej<\/strong>\u00a0&#8211; kontakt@phillipgatti.pl<\/p><\/li><li><p><strong>Formularz kontaktowy<\/strong>\u00a0&#8211; dost\u0119pny pod adresem: \/kontakt<\/p><\/li><\/ul><h2>Czy Administrator powo\u0142a\u0142 Inspektora Danych Osobowych?<\/h2><p>Na podstawie Art. 37 RODO, Administrator nie powo\u0142a\u0142 Inspektora Ochrony Danych.<\/p><p>W sprawach dotycz\u0105cych przetwarzania danych, w tym danych osobowych, nale\u017cy kontaktowa\u0107 si\u0119 bezpo\u015brednio z Administratorem.<\/p><h2>Sk\u0105d pozyskujemy dane osobowe i jakie s\u0105 ich \u017ar\u00f3d\u0142a?<\/h2><p>Dane pozyskiwane s\u0105 z nast\u0119puj\u0105cych \u017ar\u00f3de\u0142:<\/p><ul><li>od os\u00f3b, kt\u00f3rych dane dotycz\u0105<\/li><\/ul><h2>Jaki jest zakres przetwarzanych przez nas danych osobowych?<\/h2><p>W serwisie przetwarzane s\u0105\u00a0<strong>dane osobowe zwyk\u0142e<\/strong>, podane dobrowolnie przez osoby, kt\u00f3rych dotycz\u0105<br \/><small>(Np. imi\u0119 i nazwisko, login, adres e-mail, telefon, adres IP, itp.)<\/small><\/p><p>Szczeg\u00f3\u0142owy zakres przetwarzanych danych dost\u0119pny jest w\u00a0<a href=\"https:\/\/phillipgatti.pl\/en\/terms-privacy\/\">Polityce Prywatno\u015bci<\/a>.<\/p><h2>Jakie s\u0105 cele przetwarzania przez nas danych?<\/h2><p>Dane osobowe dobrowolnie podane przez U\u017cytkownik\u00f3w s\u0105 przetwarzane w jednym z nast\u0119puj\u0105cych cel\u00f3w:<\/p><ul><li>Realizacji us\u0142ug elektronicznych:<ul><li>Us\u0142ugi rejestracji i utrzymania konta U\u017cytkownika w Serwisie i funkcjonalno\u015bci z nim zwi\u0105zanych<\/li><li>Us\u0142ugi Newslettera (w tym przesy\u0142ania za zgod\u0105 tre\u015bci reklamowych)<\/li><li>Us\u0142ugi komentowania \/ polubienia wpis\u00f3w w Serwisie bez konieczno\u015bci rejestrowania si\u0119<\/li><\/ul><\/li><li>Komunikacji Administratora z U\u017cytkownikami w sprawach zwi\u0105zanych z Serwisem oraz ochrony danych<\/li><li>Zapewnienia prawnie uzasadnionego interesu Administratora<\/li><\/ul><h2>Jakie s\u0105 podstawy prawne przetwarzania danych?<\/h2><p>Serwis gromadzi i przetwarza dane U\u017cytkownik\u00f3w na podstawie:<\/p><ul><li>Rozporz\u0105dzenia Parlamentu Europejskiego i Rady (UE) 2016\/679 z dnia 27 kwietnia 2016 r. w sprawie ochrony os\u00f3b fizycznych w zwi\u0105zku z przetwarzaniem danych osobowych i w sprawie swobodnego przep\u0142ywu takich danych oraz uchylenia dyrektywy 95\/46\/WE (og\u00f3lne rozporz\u0105dzenie o ochronie danych)<ul><li>art. 6 ust. 1 lit. a<br \/><small>osoba, kt\u00f3rej dane dotycz\u0105 wyrazi\u0142a zgod\u0119 na przetwarzanie swoich danych osobowych w jednym lub wi\u0119kszej liczbie okre\u015blonych cel\u00f3w<\/small><\/li><li>art. 6 ust. 1 lit. b<br \/><small>przetwarzanie jest niezb\u0119dne do wykonania umowy, kt\u00f3rej stron\u0105 jest osoba, kt\u00f3rej dane dotycz\u0105, lub do podj\u0119cia dzia\u0142a\u0144 na \u017c\u0105danie osoby, kt\u00f3rej dane dotycz\u0105, przed zawarciem umowy<\/small><\/li><li>art. 6 ust. 1 lit. f<br \/><small>przetwarzanie jest niezb\u0119dne do cel\u00f3w wynikaj\u0105cych z prawnie uzasadnionych interes\u00f3w realizowanych przez administratora lub przez stron\u0119 trzeci\u0105<\/small><\/li><\/ul><\/li><li>Ustawa z dnia 10 maja 2018 r. o ochronie danych osobowych (Dz.U. 2018 poz. 1000)<\/li><li>Ustawa z dnia 16 lipca 2004 r. Prawo telekomunikacyjne (Dz.U. 2004 nr 171 poz. 1800)<\/li><li>Ustawa z dnia 4 lutego 1994 r. o prawie autorskim i prawach pokrewnych (Dz. U. 1994 Nr 24 poz. 83)<\/li><\/ul><h2>Jaki jest prawnie uzasadniony interes realizowany przez Administratora?<\/h2><ul><li>W celu ewentualnego ustalenia, dochodzenia lub obrony przed roszczeniami \u2013 podstaw\u0105 prawn\u0105 przetwarzania jest nasz uzasadniony interes (art. 6 ust. 1 lit. f) RODO) polegaj\u0105cy na ochronie naszych praw, w tym mi\u0119dzy innymi;<\/li><li>W celu oceny ryzyka potencjalnych klient\u00f3w<\/li><li>W celu oceny planowanych kampanii marketingowych<\/li><li>W celu realizacji marketingu bezpo\u015bredniego<\/li><\/ul><h2>Przez jaki okres przetwarzamy dane osobowe?<\/h2><p>Co do zasady, wskazane dane osobowe s\u0105 przechowywane wy\u0142\u0105cznie przez okres \u015bwiadczenia us\u0142ugi w ramach prowadzonego serwisu przez Administratora. S\u0105 one usuwane lub anonimizowane w okresie do\u00a0<strong>30 dni od chwili zako\u0144czenia \u015bwiadczenia us\u0142ug<\/strong>\u00a0(np. usuni\u0119cie zarejestrowanego konta u\u017cytkownika, wypisanie z listy Newsletter, itp.)<\/p><p>W wyj\u0105tkowych sytuacjach, w celu zabezpieczenie prawnie uzasadnionego interesu realizowanego przez Administratora, okres ten mo\u017ce ulec wyd\u0142u\u017ceniu. W takiej sytuacji Administrator b\u0119dzie przechowywa\u0142 wskazane dane, od czasu \u017c\u0105dania ich usuni\u0119cia przez U\u017cytkownika, nie d\u0142u\u017cej ni\u017c przez okres 3 lat w przypadku naruszenia lub podejrzenia naruszenia zapis\u00f3w regulaminu serwisu przez osob\u0119, kt\u00f3rej dane dotycz\u0105.<\/p><h2>Kto jest odbiorc\u0105 danych w tym danych osobowych?<\/h2><p>Co do zasady jedynym odbiorc\u0105 danych jest Administrator.<\/p><p>Przetwarzanie danych mo\u017ce jednak by\u0107 powierzone innym podmiotom, realizuj\u0105cym us\u0142ugi na rzecz Administratora w celu utrzymania dzia\u0142alno\u015bci Serwisu.<\/p><p>Do podmiot\u00f3w takich mo\u017cna zaliczy\u0107 mi\u0119dzy innymi:<\/p><ul><li>Firmy hostingowe, \u015bwiadcz\u0105ce us\u0142ugi hostingu lub us\u0142ug pokrewnych dla Administratora<\/li><li>Firmy, za po\u015brednictwem kt\u00f3rych \u015bwiadczona jest us\u0142uga Newslettera<\/li><li>Firmy po\u015brednicz\u0105ce w p\u0142atno\u015bciach on-line za towaru lub us\u0142ugi oferowane w ramach Serwisu (w przypadku dokonywania transakcji zakupu w Serwisie)<\/li><li>Firmy odpowiedzialne za prowadzenie ksi\u0119gowo\u015bci Administratora (w przypadku dokonywania transakcji zakupu w Serwisie)<\/li><li>Firmy odpowiedzialne za dostarczanie produkt\u00f3w fizycznych do U\u017cytkownika (us\u0142ugi pocztowe \/ kurierskie w przypadku dokonywania transakcji zakupu w Serwisie)<\/li><\/ul><h2>Czy Pa\u0144stwa dane osobowe b\u0119d\u0105 przekazywane poza Uni\u0119 Europejsk\u0105?<\/h2><p>Dane osobowe\u00a0<strong>nie b\u0119d\u0105 przekazywane poza Uni\u0119 Europejsk\u0105<\/strong>, chyba \u017ce zosta\u0142y opublikowane na skutek indywidualnego dzia\u0142ania U\u017cytkownika (np. wprowadzenie komentarza lub wpisu), co sprawi, \u017ce dane b\u0119d\u0105 dost\u0119pne dla ka\u017cdej osoby odwiedzaj\u0105cej serwis.<\/p><h2>Czy dane osobowe b\u0119d\u0105 podstaw\u0105 zautomatyzowanego podejmowania decyzji?<\/h2><p>Dane osobowe\u00a0<strong>nie b\u0119d\u0105 wykorzystywane<\/strong>\u00a0do zautomatyzowanego podejmowania decyzji (profilowania).<\/p><h2>Jakie maj\u0105 Pa\u0144stwo prawa zwi\u0105zane z przetwarzaniem danych osobowych?<\/h2><ul><li><p><strong>Prawo dost\u0119pu do danych osobowych<\/strong><br \/>U\u017cytkownikom przys\u0142uguje prawo uzyskania dost\u0119pu do swoich danych osobowych, realizowane na \u017c\u0105danie z\u0142o\u017cone do Administratora<\/p><\/li><li><p><strong>Prawo do sprostowania danych osobowych<\/strong><br \/>U\u017cytkownikom przys\u0142uguje prawo \u017c\u0105dania od Administratora niezw\u0142ocznego sprostowania danych osobowych, kt\u00f3re s\u0105 nieprawid\u0142owe lub \/ oraz uzupe\u0142nienia niekompletnych danych osobowych, realizowane na \u017c\u0105danie z\u0142o\u017cone do Administratora<\/p><\/li><li><p><strong>Prawo do usuni\u0119cia danych osobowych<\/strong><br \/>U\u017cytkownikom przys\u0142uguje prawo \u017c\u0105dania od Administratora niezw\u0142ocznego usuni\u0119cia danych osobowych, realizowane na \u017c\u0105danie z\u0142o\u017cone do Administratora.<br \/><br \/>W przypadku kont u\u017cytkownik\u00f3w, usuni\u0119cie danych polega na anonimizacji danych umo\u017cliwiaj\u0105cych identyfikacj\u0119 U\u017cytkownika.<br \/><br \/>W przypadku us\u0142ugi Newsletter, U\u017cytkownik ma mo\u017cliwo\u015b\u0107 samodzielnego usuni\u0119cia swoich danych osobowych korzystaj\u0105c z odno\u015bnika umieszczonego w ka\u017cdej przesy\u0142anej wiadomo\u015bci e-mail.<\/p><\/li><li><p><strong>Prawo do ograniczenia przetwarzania danych osobowych<\/strong><br \/>U\u017cytkownikom przys\u0142uguje prawo ograniczenia przetwarzania danych osobowych w przypadkach wskazanych w art. 18 RODO, m.in. kwestionowania prawid\u0142owo\u015b\u0107 danych osobowych, realizowane na \u017c\u0105danie z\u0142o\u017cone do Administratora<\/p><\/li><li><p><strong>Prawo do przenoszenia danych osobowych<\/strong><br \/>U\u017cytkownikom przys\u0142uguje prawo uzyskania od Administratora, danych osobowych dotycz\u0105cych U\u017cytkownika w ustrukturyzowanym, powszechnie u\u017cywanym formacie nadaj\u0105cym si\u0119 do odczytu maszynowego, realizowane na \u017c\u0105danie z\u0142o\u017cone do Administratora<\/p><\/li><li><p><strong>Prawo wniesienia sprzeciwu wobec przetwarzania danych osobowych<\/strong><br \/>U\u017cytkownikom przys\u0142uguje prawo wniesienia sprzeciwu wobec przetwarzania jego danych osobowych w przypadkach okre\u015blonych w art. 21 RODO, realizowane na \u017c\u0105danie z\u0142o\u017cone do Administratora<\/p><\/li><li><p><strong>Prawo wniesienia skargi<\/strong><br \/>U\u017cytkownikom przys\u0142uguje prawo wniesienia skargi do organu nadzorczego zajmuj\u0105cego si\u0119 ochron\u0105 danych osobowych.<\/p><\/li><\/ul>\t\t\t\t\t\t\t\t<\/div>\n\t\t\t\t\t<\/div>\n\t\t\t\t<\/div>\n\t\t\t\t<\/div>","protected":false},"excerpt":{"rendered":"<p>Rodo Obowi\u0105zek informacyjny RODO Poni\u017csza informacja stanowi zwi\u0119z\u0142y, zrozumia\u0142y i przejrzysty skr\u00f3t informacji zamieszczonych w\u00a0Polityce Prywatno\u015bci\u00a0odno\u015bnie Administratora danych, celu i sposobu przetwarzania danych osobowych oraz Twoich praw w zwi\u0105zku z tym przetwarzaniem, w formie wymaganej do spe\u0142nienia obowi\u0105zku informacyjnego RODO. Szczeg\u00f3\u0142y dotycz\u0105ce sposobu przetwarzania i podmiot\u00f3w uczestnicz\u0105cych w tym procesie dost\u0119pne s\u0105 we wskazanej polityce. [&hellip;]<\/p>","protected":false},"author":1,"featured_media":1609,"parent":0,"menu_order":0,"comment_status":"closed","ping_status":"closed","template":"elementor_header_footer","meta":{"footnotes":""},"class_list":["post-2596","page","type-page","status-publish","has-post-thumbnail","hentry"],"yoast_head":"<!-- This site is optimized with the Yoast SEO plugin v26.4 - https:\/\/yoast.com\/wordpress\/plugins\/seo\/ -->\n<title>RODO - PHILLIP GATTI<\/title>\n<meta name=\"robots\" content=\"index, follow, max-snippet:-1, max-image-preview:large, max-video-preview:-1\" \/>\n<link rel=\"canonical\" href=\"https:\/\/phillipgatti.pl\/en\/rodo\/\" \/>\n<meta property=\"og:locale\" content=\"en_US\" \/>\n<meta property=\"og:type\" content=\"article\" \/>\n<meta property=\"og:title\" content=\"RODO - PHILLIP GATTI\" \/>\n<meta property=\"og:description\" content=\"Rodo Obowi\u0105zek informacyjny RODO Poni\u017csza informacja stanowi zwi\u0119z\u0142y, zrozumia\u0142y i przejrzysty skr\u00f3t informacji zamieszczonych w\u00a0Polityce Prywatno\u015bci\u00a0odno\u015bnie Administratora danych, celu i sposobu przetwarzania danych osobowych oraz Twoich praw w zwi\u0105zku z tym przetwarzaniem, w formie wymaganej do spe\u0142nienia obowi\u0105zku informacyjnego RODO. Szczeg\u00f3\u0142y dotycz\u0105ce sposobu przetwarzania i podmiot\u00f3w uczestnicz\u0105cych w tym procesie dost\u0119pne s\u0105 we wskazanej polityce. [&hellip;]\" \/>\n<meta property=\"og:url\" content=\"https:\/\/phillipgatti.pl\/en\/rodo\/\" \/>\n<meta property=\"og:site_name\" content=\"PHILLIP GATTI\" \/>\n<meta property=\"article:publisher\" content=\"https:\/\/www.facebook.com\/avatarnia\" \/>\n<meta property=\"article:modified_time\" content=\"2023-07-26T15:12:11+00:00\" \/>\n<meta property=\"og:image\" content=\"https:\/\/phillipgatti.pl\/wp-content\/uploads\/2023\/04\/Term-of-USe.jpg\" \/>\n\t<meta property=\"og:image:width\" content=\"400\" \/>\n\t<meta property=\"og:image:height\" content=\"380\" \/>\n\t<meta property=\"og:image:type\" content=\"image\/jpeg\" \/>\n<meta name=\"twitter:card\" content=\"summary_large_image\" \/>\n<script type=\"application\/ld+json\" class=\"yoast-schema-graph\">{\"@context\":\"https:\/\/schema.org\",\"@graph\":[{\"@type\":\"WebPage\",\"@id\":\"https:\/\/phillipgatti.pl\/rodo\/\",\"url\":\"https:\/\/phillipgatti.pl\/rodo\/\",\"name\":\"RODO - PHILLIP GATTI\",\"isPartOf\":{\"@id\":\"https:\/\/phillipgatti.pl\/#website\"},\"primaryImageOfPage\":{\"@id\":\"https:\/\/phillipgatti.pl\/rodo\/#primaryimage\"},\"image\":{\"@id\":\"https:\/\/phillipgatti.pl\/rodo\/#primaryimage\"},\"thumbnailUrl\":\"https:\/\/phillipgatti.pl\/wp-content\/uploads\/2023\/04\/Term-of-USe.jpg\",\"datePublished\":\"2023-07-26T15:04:32+00:00\",\"dateModified\":\"2023-07-26T15:12:11+00:00\",\"breadcrumb\":{\"@id\":\"https:\/\/phillipgatti.pl\/rodo\/#breadcrumb\"},\"inLanguage\":\"en-US\",\"potentialAction\":[{\"@type\":\"ReadAction\",\"target\":[\"https:\/\/phillipgatti.pl\/rodo\/\"]}]},{\"@type\":\"ImageObject\",\"inLanguage\":\"en-US\",\"@id\":\"https:\/\/phillipgatti.pl\/rodo\/#primaryimage\",\"url\":\"https:\/\/phillipgatti.pl\/wp-content\/uploads\/2023\/04\/Term-of-USe.jpg\",\"contentUrl\":\"https:\/\/phillipgatti.pl\/wp-content\/uploads\/2023\/04\/Term-of-USe.jpg\",\"width\":400,\"height\":380},{\"@type\":\"BreadcrumbList\",\"@id\":\"https:\/\/phillipgatti.pl\/rodo\/#breadcrumb\",\"itemListElement\":[{\"@type\":\"ListItem\",\"position\":1,\"name\":\"Strona g\u0142\u00f3wna\",\"item\":\"https:\/\/phillipgatti.pl\/\"},{\"@type\":\"ListItem\",\"position\":2,\"name\":\"RODO\"}]},{\"@type\":\"WebSite\",\"@id\":\"https:\/\/phillipgatti.pl\/#website\",\"url\":\"https:\/\/phillipgatti.pl\/\",\"name\":\"PHILLIP GATTI\",\"description\":\"Czas dla koneser&oacute;w - Zegarki PHILLIP GATTI\",\"publisher\":{\"@id\":\"https:\/\/phillipgatti.pl\/#organization\"},\"potentialAction\":[{\"@type\":\"SearchAction\",\"target\":{\"@type\":\"EntryPoint\",\"urlTemplate\":\"https:\/\/phillipgatti.pl\/?s={search_term_string}\"},\"query-input\":{\"@type\":\"PropertyValueSpecification\",\"valueRequired\":true,\"valueName\":\"search_term_string\"}}],\"inLanguage\":\"en-US\"},{\"@type\":\"Organization\",\"@id\":\"https:\/\/phillipgatti.pl\/#organization\",\"name\":\"phillipgatti.pl\",\"url\":\"https:\/\/phillipgatti.pl\/\",\"logo\":{\"@type\":\"ImageObject\",\"inLanguage\":\"en-US\",\"@id\":\"https:\/\/phillipgatti.pl\/#\/schema\/logo\/image\/\",\"url\":\"https:\/\/phillipgatti.pl\/wp-content\/uploads\/2023\/07\/cropped-pg-logo.jpg\",\"contentUrl\":\"https:\/\/phillipgatti.pl\/wp-content\/uploads\/2023\/07\/cropped-pg-logo.jpg\",\"width\":512,\"height\":512,\"caption\":\"phillipgatti.pl\"},\"image\":{\"@id\":\"https:\/\/phillipgatti.pl\/#\/schema\/logo\/image\/\"},\"sameAs\":[\"https:\/\/www.facebook.com\/avatarnia\",\"https:\/\/www.youtube.com\/@avatarnia6404\",\"https:\/\/www.tiktok.com\/@avatarnia?lang=en\",\"https:\/\/www.instagram.com\/avatarnia.pl\/\"]}]}<\/script>\n<!-- \/ Yoast SEO plugin. -->","yoast_head_json":{"title":"RODO - PHILLIP GATTI","robots":{"index":"index","follow":"follow","max-snippet":"max-snippet:-1","max-image-preview":"max-image-preview:large","max-video-preview":"max-video-preview:-1"},"canonical":"https:\/\/phillipgatti.pl\/en\/rodo\/","og_locale":"en_US","og_type":"article","og_title":"RODO - PHILLIP GATTI","og_description":"Rodo Obowi\u0105zek informacyjny RODO Poni\u017csza informacja stanowi zwi\u0119z\u0142y, zrozumia\u0142y i przejrzysty skr\u00f3t informacji zamieszczonych w\u00a0Polityce Prywatno\u015bci\u00a0odno\u015bnie Administratora danych, celu i sposobu przetwarzania danych osobowych oraz Twoich praw w zwi\u0105zku z tym przetwarzaniem, w formie wymaganej do spe\u0142nienia obowi\u0105zku informacyjnego RODO. Szczeg\u00f3\u0142y dotycz\u0105ce sposobu przetwarzania i podmiot\u00f3w uczestnicz\u0105cych w tym procesie dost\u0119pne s\u0105 we wskazanej polityce. [&hellip;]","og_url":"https:\/\/phillipgatti.pl\/en\/rodo\/","og_site_name":"PHILLIP GATTI","article_publisher":"https:\/\/www.facebook.com\/avatarnia","article_modified_time":"2023-07-26T15:12:11+00:00","og_image":[{"width":400,"height":380,"url":"https:\/\/phillipgatti.pl\/wp-content\/uploads\/2023\/04\/Term-of-USe.jpg","type":"image\/jpeg"}],"twitter_card":"summary_large_image","schema":{"@context":"https:\/\/schema.org","@graph":[{"@type":"WebPage","@id":"https:\/\/phillipgatti.pl\/rodo\/","url":"https:\/\/phillipgatti.pl\/rodo\/","name":"RODO - PHILLIP GATTI","isPartOf":{"@id":"https:\/\/phillipgatti.pl\/#website"},"primaryImageOfPage":{"@id":"https:\/\/phillipgatti.pl\/rodo\/#primaryimage"},"image":{"@id":"https:\/\/phillipgatti.pl\/rodo\/#primaryimage"},"thumbnailUrl":"https:\/\/phillipgatti.pl\/wp-content\/uploads\/2023\/04\/Term-of-USe.jpg","datePublished":"2023-07-26T15:04:32+00:00","dateModified":"2023-07-26T15:12:11+00:00","breadcrumb":{"@id":"https:\/\/phillipgatti.pl\/rodo\/#breadcrumb"},"inLanguage":"en-US","potentialAction":[{"@type":"ReadAction","target":["https:\/\/phillipgatti.pl\/rodo\/"]}]},{"@type":"ImageObject","inLanguage":"en-US","@id":"https:\/\/phillipgatti.pl\/rodo\/#primaryimage","url":"https:\/\/phillipgatti.pl\/wp-content\/uploads\/2023\/04\/Term-of-USe.jpg","contentUrl":"https:\/\/phillipgatti.pl\/wp-content\/uploads\/2023\/04\/Term-of-USe.jpg","width":400,"height":380},{"@type":"BreadcrumbList","@id":"https:\/\/phillipgatti.pl\/rodo\/#breadcrumb","itemListElement":[{"@type":"ListItem","position":1,"name":"Strona g\u0142\u00f3wna","item":"https:\/\/phillipgatti.pl\/"},{"@type":"ListItem","position":2,"name":"RODO"}]},{"@type":"WebSite","@id":"https:\/\/phillipgatti.pl\/#website","url":"https:\/\/phillipgatti.pl\/","name":"PHILLIP GATTI","description":"Czas dla koneser&oacute;w - Zegarki PHILLIP GATTI","publisher":{"@id":"https:\/\/phillipgatti.pl\/#organization"},"potentialAction":[{"@type":"SearchAction","target":{"@type":"EntryPoint","urlTemplate":"https:\/\/phillipgatti.pl\/?s={search_term_string}"},"query-input":{"@type":"PropertyValueSpecification","valueRequired":true,"valueName":"search_term_string"}}],"inLanguage":"en-US"},{"@type":"Organization","@id":"https:\/\/phillipgatti.pl\/#organization","name":"phillipgatti.pl","url":"https:\/\/phillipgatti.pl\/","logo":{"@type":"ImageObject","inLanguage":"en-US","@id":"https:\/\/phillipgatti.pl\/#\/schema\/logo\/image\/","url":"https:\/\/phillipgatti.pl\/wp-content\/uploads\/2023\/07\/cropped-pg-logo.jpg","contentUrl":"https:\/\/phillipgatti.pl\/wp-content\/uploads\/2023\/07\/cropped-pg-logo.jpg","width":512,"height":512,"caption":"phillipgatti.pl"},"image":{"@id":"https:\/\/phillipgatti.pl\/#\/schema\/logo\/image\/"},"sameAs":["https:\/\/www.facebook.com\/avatarnia","https:\/\/www.youtube.com\/@avatarnia6404","https:\/\/www.tiktok.com\/@avatarnia?lang=en","https:\/\/www.instagram.com\/avatarnia.pl\/"]}]}},"_links":{"self":[{"href":"https:\/\/phillipgatti.pl\/en\/wp-json\/wp\/v2\/pages\/2596","targetHints":{"allow":["GET"]}}],"collection":[{"href":"https:\/\/phillipgatti.pl\/en\/wp-json\/wp\/v2\/pages"}],"about":[{"href":"https:\/\/phillipgatti.pl\/en\/wp-json\/wp\/v2\/types\/page"}],"author":[{"embeddable":true,"href":"https:\/\/phillipgatti.pl\/en\/wp-json\/wp\/v2\/users\/1"}],"replies":[{"embeddable":true,"href":"https:\/\/phillipgatti.pl\/en\/wp-json\/wp\/v2\/comments?post=2596"}],"version-history":[{"count":4,"href":"https:\/\/phillipgatti.pl\/en\/wp-json\/wp\/v2\/pages\/2596\/revisions"}],"predecessor-version":[{"id":2603,"href":"https:\/\/phillipgatti.pl\/en\/wp-json\/wp\/v2\/pages\/2596\/revisions\/2603"}],"wp:featuredmedia":[{"embeddable":true,"href":"https:\/\/phillipgatti.pl\/en\/wp-json\/wp\/v2\/media\/1609"}],"wp:attachment":[{"href":"https:\/\/phillipgatti.pl\/en\/wp-json\/wp\/v2\/media?parent=2596"}],"curies":[{"name":"wp","href":"https:\/\/api.w.org\/{rel}","templated":true}]}}