{"id":2398,"date":"2023-05-26T07:59:36","date_gmt":"2023-05-26T05:59:36","guid":{"rendered":"https:\/\/phillipgatti.pl\/?page_id=2398"},"modified":"2023-07-26T17:09:05","modified_gmt":"2023-07-26T15:09:05","slug":"polityka-zwrotow","status":"publish","type":"page","link":"https:\/\/phillipgatti.pl\/en\/polityka-zwrotow\/","title":{"rendered":"Polityka Zwrot\u00f3w"},"content":{"rendered":"<div data-elementor-type=\"wp-page\" data-elementor-id=\"2398\" class=\"elementor elementor-2398\" data-elementor-post-type=\"page\">\n\t\t\t\t<div class=\"elementor-element elementor-element-583df6a2 e-flex e-con-boxed e-con e-parent\" data-id=\"583df6a2\" data-element_type=\"container\" data-settings=\"{&quot;background_background&quot;:&quot;classic&quot;}\">\n\t\t\t\t\t<div class=\"e-con-inner\">\n\t\t\t\t<div class=\"elementor-element elementor-element-7bbc418b elementor-widget elementor-widget-heading\" data-id=\"7bbc418b\" data-element_type=\"widget\" data-widget_type=\"heading.default\">\n\t\t\t\t\t<h1 class=\"elementor-heading-title elementor-size-default\">Polityka zwrot\u00f3w<\/h1>\t\t\t\t<\/div>\n\t\t\t\t<div class=\"elementor-element elementor-element-a0742cc elementor-widget elementor-widget-text-editor\" data-id=\"a0742cc\" data-element_type=\"widget\" data-widget_type=\"text-editor.default\">\n\t\t\t\t\t\t\t\t\t<p style=\"text-align: left;\" align=\"center\"><span style=\"color: #000000;\"><span style=\"font-family: var(--font-heading-family), serif;\"><span style=\"font-size: xx-large;\"><b>POLITYKA ZWROT\u00d3W<\/b><\/span><\/span><\/span><\/p><p><span style=\"color: #000000;\"><span style=\"font-family: var(--font-body-family), serif;\"><span style=\"font-size: medium;\">Masz prawo zwr\u00f3ci\u0107 dowolne produkty zakupione bezpo\u015brednio z naszej strony internetowej w ci\u0105gu 14 dni od otrzymania produktu.<\/span><\/span><\/span><\/p><p><span style=\"color: #000000;\"><span style=\"font-family: var(--font-body-family), serif;\"><span style=\"font-size: medium;\">Produkt musi by\u0107 nieu\u017cywany \u2013 w oryginalnym opakowaniu z nienaruszonymi etykietami i naklejkami ochronnymi.<\/span><\/span><\/span><\/p><p><span style=\"color: #000000;\"><span style=\"font-family: var(--font-body-family), serif;\"><span style=\"font-size: medium;\">Produkty zakupione bezpo\u015brednio z naszej strony internetowej musz\u0105 zosta\u0107 zwr\u00f3cone do naszego magazynu w celu dokonania zwrotu i pe\u0142nego zwrotu koszt\u00f3w.<\/span><\/span><\/span><\/p>\t\t\t\t\t\t\t\t<\/div>\n\t\t\t\t<div class=\"elementor-element elementor-element-5074ee2 elementor-widget elementor-widget-button\" data-id=\"5074ee2\" data-element_type=\"widget\" data-widget_type=\"button.default\">\n\t\t\t\t\t\t\t\t\t\t<a class=\"elementor-button elementor-button-link elementor-size-sm\" href=\"https:\/\/phillipgatti.pl\/wp-content\/uploads\/2023\/05\/wzor-formularza-odstapienia-od-umowy.doc\">\n\t\t\t\t\t\t<span class=\"elementor-button-content-wrapper\">\n\t\t\t\t\t\t\t\t\t<span class=\"elementor-button-text\">WZ\u00d3R FORMULARZA ODST\u0104PIENIA OD UMOWY<\/span>\n\t\t\t\t\t<\/span>\n\t\t\t\t\t<\/a>\n\t\t\t\t\t\t\t\t<\/div>\n\t\t\t\t<div class=\"elementor-element elementor-element-95ad362 elementor-widget elementor-widget-button\" data-id=\"95ad362\" data-element_type=\"widget\" data-widget_type=\"button.default\">\n\t\t\t\t\t\t\t\t\t\t<a class=\"elementor-button elementor-button-link elementor-size-sm\" href=\"https:\/\/phillipgatti.pl\/wp-content\/uploads\/2023\/05\/wzor-reklamacji.doc\">\n\t\t\t\t\t\t<span class=\"elementor-button-content-wrapper\">\n\t\t\t\t\t\t\t\t\t<span class=\"elementor-button-text\">WZ\u00d3R REKLAMACJI<\/span>\n\t\t\t\t\t<\/span>\n\t\t\t\t\t<\/a>\n\t\t\t\t\t\t\t\t<\/div>\n\t\t\t\t<div class=\"elementor-element elementor-element-4ad131e elementor-widget elementor-widget-text-editor\" data-id=\"4ad131e\" data-element_type=\"widget\" data-widget_type=\"text-editor.default\">\n\t\t\t\t\t\t\t\t\t<p>Prosimy o jego wype\u0142nienie i odes\u0142anie powrotne na adres<\/p><p>kontakt@phillipgatti.pl<\/p>\t\t\t\t\t\t\t\t<\/div>\n\t\t\t\t\t<\/div>\n\t\t\t\t<\/div>\n\t\t\t\t<\/div>","protected":false},"excerpt":{"rendered":"<p>Polityka zwrot\u00f3w POLITYKA ZWROT\u00d3W Masz prawo zwr\u00f3ci\u0107 dowolne produkty zakupione bezpo\u015brednio z naszej strony internetowej w ci\u0105gu 14 dni od otrzymania produktu. Produkt musi by\u0107 nieu\u017cywany \u2013 w oryginalnym opakowaniu z nienaruszonymi etykietami i naklejkami ochronnymi. Produkty zakupione bezpo\u015brednio z naszej strony internetowej musz\u0105 zosta\u0107 zwr\u00f3cone do naszego magazynu w celu dokonania zwrotu i pe\u0142nego [&hellip;]<\/p>","protected":false},"author":1,"featured_media":1609,"parent":0,"menu_order":0,"comment_status":"closed","ping_status":"closed","template":"elementor_header_footer","meta":{"footnotes":""},"class_list":["post-2398","page","type-page","status-publish","has-post-thumbnail","hentry"],"yoast_head":"<!-- This site is optimized with the Yoast SEO plugin v26.4 - https:\/\/yoast.com\/wordpress\/plugins\/seo\/ -->\n<title>Polityka Zwrot\u00f3w - PHILLIP GATTI<\/title>\n<meta name=\"robots\" content=\"index, follow, max-snippet:-1, max-image-preview:large, max-video-preview:-1\" \/>\n<link rel=\"canonical\" href=\"https:\/\/phillipgatti.pl\/en\/polityka-zwrotow\/\" \/>\n<meta property=\"og:locale\" content=\"en_US\" \/>\n<meta property=\"og:type\" content=\"article\" \/>\n<meta property=\"og:title\" content=\"Polityka Zwrot\u00f3w - PHILLIP GATTI\" \/>\n<meta property=\"og:description\" content=\"Polityka zwrot\u00f3w POLITYKA ZWROT\u00d3W Masz prawo zwr\u00f3ci\u0107 dowolne produkty zakupione bezpo\u015brednio z naszej strony internetowej w ci\u0105gu 14 dni od otrzymania produktu. Produkt musi by\u0107 nieu\u017cywany \u2013 w oryginalnym opakowaniu z nienaruszonymi etykietami i naklejkami ochronnymi. Produkty zakupione bezpo\u015brednio z naszej strony internetowej musz\u0105 zosta\u0107 zwr\u00f3cone do naszego magazynu w celu dokonania zwrotu i pe\u0142nego [&hellip;]\" \/>\n<meta property=\"og:url\" content=\"https:\/\/phillipgatti.pl\/en\/polityka-zwrotow\/\" \/>\n<meta property=\"og:site_name\" content=\"PHILLIP GATTI\" \/>\n<meta property=\"article:publisher\" content=\"https:\/\/www.facebook.com\/avatarnia\" \/>\n<meta property=\"article:modified_time\" content=\"2023-07-26T15:09:05+00:00\" \/>\n<meta property=\"og:image\" content=\"https:\/\/phillipgatti.pl\/wp-content\/uploads\/2023\/04\/Term-of-USe.jpg\" \/>\n\t<meta property=\"og:image:width\" content=\"400\" \/>\n\t<meta property=\"og:image:height\" content=\"380\" \/>\n\t<meta property=\"og:image:type\" content=\"image\/jpeg\" \/>\n<meta name=\"twitter:card\" content=\"summary_large_image\" \/>\n<meta name=\"twitter:label1\" content=\"Est. reading time\" \/>\n\t<meta name=\"twitter:data1\" content=\"1 minute\" \/>\n<script type=\"application\/ld+json\" class=\"yoast-schema-graph\">{\"@context\":\"https:\/\/schema.org\",\"@graph\":[{\"@type\":\"WebPage\",\"@id\":\"https:\/\/phillipgatti.pl\/polityka-zwrotow\/\",\"url\":\"https:\/\/phillipgatti.pl\/polityka-zwrotow\/\",\"name\":\"Polityka Zwrot\u00f3w - PHILLIP GATTI\",\"isPartOf\":{\"@id\":\"https:\/\/phillipgatti.pl\/#website\"},\"primaryImageOfPage\":{\"@id\":\"https:\/\/phillipgatti.pl\/polityka-zwrotow\/#primaryimage\"},\"image\":{\"@id\":\"https:\/\/phillipgatti.pl\/polityka-zwrotow\/#primaryimage\"},\"thumbnailUrl\":\"https:\/\/phillipgatti.pl\/wp-content\/uploads\/2023\/04\/Term-of-USe.jpg\",\"datePublished\":\"2023-05-26T05:59:36+00:00\",\"dateModified\":\"2023-07-26T15:09:05+00:00\",\"breadcrumb\":{\"@id\":\"https:\/\/phillipgatti.pl\/polityka-zwrotow\/#breadcrumb\"},\"inLanguage\":\"en-US\",\"potentialAction\":[{\"@type\":\"ReadAction\",\"target\":[\"https:\/\/phillipgatti.pl\/polityka-zwrotow\/\"]}]},{\"@type\":\"ImageObject\",\"inLanguage\":\"en-US\",\"@id\":\"https:\/\/phillipgatti.pl\/polityka-zwrotow\/#primaryimage\",\"url\":\"https:\/\/phillipgatti.pl\/wp-content\/uploads\/2023\/04\/Term-of-USe.jpg\",\"contentUrl\":\"https:\/\/phillipgatti.pl\/wp-content\/uploads\/2023\/04\/Term-of-USe.jpg\",\"width\":400,\"height\":380},{\"@type\":\"BreadcrumbList\",\"@id\":\"https:\/\/phillipgatti.pl\/polityka-zwrotow\/#breadcrumb\",\"itemListElement\":[{\"@type\":\"ListItem\",\"position\":1,\"name\":\"Strona g\u0142\u00f3wna\",\"item\":\"https:\/\/phillipgatti.pl\/\"},{\"@type\":\"ListItem\",\"position\":2,\"name\":\"Polityka Zwrot\u00f3w\"}]},{\"@type\":\"WebSite\",\"@id\":\"https:\/\/phillipgatti.pl\/#website\",\"url\":\"https:\/\/phillipgatti.pl\/\",\"name\":\"PHILLIP GATTI\",\"description\":\"Czas dla koneser&oacute;w - Zegarki PHILLIP GATTI\",\"publisher\":{\"@id\":\"https:\/\/phillipgatti.pl\/#organization\"},\"potentialAction\":[{\"@type\":\"SearchAction\",\"target\":{\"@type\":\"EntryPoint\",\"urlTemplate\":\"https:\/\/phillipgatti.pl\/?s={search_term_string}\"},\"query-input\":{\"@type\":\"PropertyValueSpecification\",\"valueRequired\":true,\"valueName\":\"search_term_string\"}}],\"inLanguage\":\"en-US\"},{\"@type\":\"Organization\",\"@id\":\"https:\/\/phillipgatti.pl\/#organization\",\"name\":\"phillipgatti.pl\",\"url\":\"https:\/\/phillipgatti.pl\/\",\"logo\":{\"@type\":\"ImageObject\",\"inLanguage\":\"en-US\",\"@id\":\"https:\/\/phillipgatti.pl\/#\/schema\/logo\/image\/\",\"url\":\"https:\/\/phillipgatti.pl\/wp-content\/uploads\/2023\/07\/cropped-pg-logo.jpg\",\"contentUrl\":\"https:\/\/phillipgatti.pl\/wp-content\/uploads\/2023\/07\/cropped-pg-logo.jpg\",\"width\":512,\"height\":512,\"caption\":\"phillipgatti.pl\"},\"image\":{\"@id\":\"https:\/\/phillipgatti.pl\/#\/schema\/logo\/image\/\"},\"sameAs\":[\"https:\/\/www.facebook.com\/avatarnia\",\"https:\/\/www.youtube.com\/@avatarnia6404\",\"https:\/\/www.tiktok.com\/@avatarnia?lang=en\",\"https:\/\/www.instagram.com\/avatarnia.pl\/\"]}]}<\/script>\n<!-- \/ Yoast SEO plugin. -->","yoast_head_json":{"title":"Polityka Zwrot\u00f3w - PHILLIP GATTI","robots":{"index":"index","follow":"follow","max-snippet":"max-snippet:-1","max-image-preview":"max-image-preview:large","max-video-preview":"max-video-preview:-1"},"canonical":"https:\/\/phillipgatti.pl\/en\/polityka-zwrotow\/","og_locale":"en_US","og_type":"article","og_title":"Polityka Zwrot\u00f3w - PHILLIP GATTI","og_description":"Polityka zwrot\u00f3w POLITYKA ZWROT\u00d3W Masz prawo zwr\u00f3ci\u0107 dowolne produkty zakupione bezpo\u015brednio z naszej strony internetowej w ci\u0105gu 14 dni od otrzymania produktu. Produkt musi by\u0107 nieu\u017cywany \u2013 w oryginalnym opakowaniu z nienaruszonymi etykietami i naklejkami ochronnymi. Produkty zakupione bezpo\u015brednio z naszej strony internetowej musz\u0105 zosta\u0107 zwr\u00f3cone do naszego magazynu w celu dokonania zwrotu i pe\u0142nego [&hellip;]","og_url":"https:\/\/phillipgatti.pl\/en\/polityka-zwrotow\/","og_site_name":"PHILLIP GATTI","article_publisher":"https:\/\/www.facebook.com\/avatarnia","article_modified_time":"2023-07-26T15:09:05+00:00","og_image":[{"width":400,"height":380,"url":"https:\/\/phillipgatti.pl\/wp-content\/uploads\/2023\/04\/Term-of-USe.jpg","type":"image\/jpeg"}],"twitter_card":"summary_large_image","twitter_misc":{"Est. reading time":"1 minute"},"schema":{"@context":"https:\/\/schema.org","@graph":[{"@type":"WebPage","@id":"https:\/\/phillipgatti.pl\/polityka-zwrotow\/","url":"https:\/\/phillipgatti.pl\/polityka-zwrotow\/","name":"Polityka Zwrot\u00f3w - PHILLIP GATTI","isPartOf":{"@id":"https:\/\/phillipgatti.pl\/#website"},"primaryImageOfPage":{"@id":"https:\/\/phillipgatti.pl\/polityka-zwrotow\/#primaryimage"},"image":{"@id":"https:\/\/phillipgatti.pl\/polityka-zwrotow\/#primaryimage"},"thumbnailUrl":"https:\/\/phillipgatti.pl\/wp-content\/uploads\/2023\/04\/Term-of-USe.jpg","datePublished":"2023-05-26T05:59:36+00:00","dateModified":"2023-07-26T15:09:05+00:00","breadcrumb":{"@id":"https:\/\/phillipgatti.pl\/polityka-zwrotow\/#breadcrumb"},"inLanguage":"en-US","potentialAction":[{"@type":"ReadAction","target":["https:\/\/phillipgatti.pl\/polityka-zwrotow\/"]}]},{"@type":"ImageObject","inLanguage":"en-US","@id":"https:\/\/phillipgatti.pl\/polityka-zwrotow\/#primaryimage","url":"https:\/\/phillipgatti.pl\/wp-content\/uploads\/2023\/04\/Term-of-USe.jpg","contentUrl":"https:\/\/phillipgatti.pl\/wp-content\/uploads\/2023\/04\/Term-of-USe.jpg","width":400,"height":380},{"@type":"BreadcrumbList","@id":"https:\/\/phillipgatti.pl\/polityka-zwrotow\/#breadcrumb","itemListElement":[{"@type":"ListItem","position":1,"name":"Strona g\u0142\u00f3wna","item":"https:\/\/phillipgatti.pl\/"},{"@type":"ListItem","position":2,"name":"Polityka Zwrot\u00f3w"}]},{"@type":"WebSite","@id":"https:\/\/phillipgatti.pl\/#website","url":"https:\/\/phillipgatti.pl\/","name":"PHILLIP GATTI","description":"Czas dla koneser&oacute;w - Zegarki PHILLIP GATTI","publisher":{"@id":"https:\/\/phillipgatti.pl\/#organization"},"potentialAction":[{"@type":"SearchAction","target":{"@type":"EntryPoint","urlTemplate":"https:\/\/phillipgatti.pl\/?s={search_term_string}"},"query-input":{"@type":"PropertyValueSpecification","valueRequired":true,"valueName":"search_term_string"}}],"inLanguage":"en-US"},{"@type":"Organization","@id":"https:\/\/phillipgatti.pl\/#organization","name":"phillipgatti.pl","url":"https:\/\/phillipgatti.pl\/","logo":{"@type":"ImageObject","inLanguage":"en-US","@id":"https:\/\/phillipgatti.pl\/#\/schema\/logo\/image\/","url":"https:\/\/phillipgatti.pl\/wp-content\/uploads\/2023\/07\/cropped-pg-logo.jpg","contentUrl":"https:\/\/phillipgatti.pl\/wp-content\/uploads\/2023\/07\/cropped-pg-logo.jpg","width":512,"height":512,"caption":"phillipgatti.pl"},"image":{"@id":"https:\/\/phillipgatti.pl\/#\/schema\/logo\/image\/"},"sameAs":["https:\/\/www.facebook.com\/avatarnia","https:\/\/www.youtube.com\/@avatarnia6404","https:\/\/www.tiktok.com\/@avatarnia?lang=en","https:\/\/www.instagram.com\/avatarnia.pl\/"]}]}},"_links":{"self":[{"href":"https:\/\/phillipgatti.pl\/en\/wp-json\/wp\/v2\/pages\/2398","targetHints":{"allow":["GET"]}}],"collection":[{"href":"https:\/\/phillipgatti.pl\/en\/wp-json\/wp\/v2\/pages"}],"about":[{"href":"https:\/\/phillipgatti.pl\/en\/wp-json\/wp\/v2\/types\/page"}],"author":[{"embeddable":true,"href":"https:\/\/phillipgatti.pl\/en\/wp-json\/wp\/v2\/users\/1"}],"replies":[{"embeddable":true,"href":"https:\/\/phillipgatti.pl\/en\/wp-json\/wp\/v2\/comments?post=2398"}],"version-history":[{"count":25,"href":"https:\/\/phillipgatti.pl\/en\/wp-json\/wp\/v2\/pages\/2398\/revisions"}],"predecessor-version":[{"id":2600,"href":"https:\/\/phillipgatti.pl\/en\/wp-json\/wp\/v2\/pages\/2398\/revisions\/2600"}],"wp:featuredmedia":[{"embeddable":true,"href":"https:\/\/phillipgatti.pl\/en\/wp-json\/wp\/v2\/media\/1609"}],"wp:attachment":[{"href":"https:\/\/phillipgatti.pl\/en\/wp-json\/wp\/v2\/media?parent=2398"}],"curies":[{"name":"wp","href":"https:\/\/api.w.org\/{rel}","templated":true}]}}