{"id":2382,"date":"2023-05-26T07:34:24","date_gmt":"2023-05-26T05:34:24","guid":{"rendered":"https:\/\/phillipgatti.pl\/?page_id=2382"},"modified":"2023-11-03T18:50:34","modified_gmt":"2023-11-03T17:50:34","slug":"gwarancja","status":"publish","type":"page","link":"https:\/\/phillipgatti.pl\/en\/gwarancja\/","title":{"rendered":"Gwarancja"},"content":{"rendered":"<div data-elementor-type=\"wp-page\" data-elementor-id=\"2382\" class=\"elementor elementor-2382\" data-elementor-post-type=\"page\">\n\t\t\t\t<div class=\"elementor-element elementor-element-583df6a2 e-flex e-con-boxed e-con e-parent\" data-id=\"583df6a2\" data-element_type=\"container\" data-settings=\"{&quot;background_background&quot;:&quot;classic&quot;}\">\n\t\t\t\t\t<div class=\"e-con-inner\">\n\t\t\t\t<div class=\"elementor-element elementor-element-7bbc418b elementor-widget elementor-widget-heading\" data-id=\"7bbc418b\" data-element_type=\"widget\" data-widget_type=\"heading.default\">\n\t\t\t\t\t<h1 class=\"elementor-heading-title elementor-size-default\">Gwarancja<\/h1>\t\t\t\t<\/div>\n\t\t\t\t<div class=\"elementor-element elementor-element-a0742cc elementor-widget elementor-widget-text-editor\" data-id=\"a0742cc\" data-element_type=\"widget\" data-widget_type=\"text-editor.default\">\n\t\t\t\t\t\t\t\t\t<h1>GWARANCJA<\/h1><p>Poni\u017csza gwarancja dotyczy wy\u0142\u0105cznie oryginalnych zegark\u00f3w Phillip Gatti zakupionych w oryginalnym opakowaniu bezpo\u015brednio na stronie www.phillipgatti.pl lub w autoryzowanym punkcie sprzeda\u017cy zegark\u00f3w marki Phillip Gatti.<\/p><p>1. CO OBEJMUJE GWARANCJA PHILLIP GATTI<br \/>Niniejsza gwarancja Phillip Gatti obejmuje wady produkcyjne i materia\u0142owe na okres dwudziestu czterech (24) miesi\u0119cy od daty pierwotnego zakupu detalicznego (\u201eOkres gwarancji\u201d). &#8222;Gwarancja do\u017cywotnia&#8221; obejmuje mechanizmy ruchowe zegarka bezterminowo b\u0105d\u017a na okres zako\u0144czenia produkcji danego modelu zegarka (minimum 24 miesi\u0105ce). Gwarancja dotyczy wy\u0142\u0105cznie zegark\u00f3w zakupionych na oficjalnej stronie Phillip Gatti lub u autoryzowanego sprzedawcy. Phillip Gatti zapewni bezp\u0142atn\u0105 napraw\u0119 lub wymian\u0119 zegarka lub cz\u0119\u015bci zgodnie z warunkami gwarancji. Nale\u017cy pami\u0119ta\u0107, \u017ce prawa przyznane w ramach gwarancji Phillip Gatti stanowi\u0105 dodatek do praw i \u015brodk\u00f3w zaradczych przewidzianych przez prawa konsumenckie i przepisy obowi\u0105zuj\u0105ce w danej jurysdykcji. W zwi\u0105zku z tym gwarancja Phillip Gatti i wynikaj\u0105ce z niej korzy\u015bci stanowi\u0105 uzupe\u0142nienie, a nie zast\u0119puj\u0105 prawa wynikaj\u0105ce z obowi\u0105zuj\u0105cego prawa konsumenckiego.<\/p><p>2. OGRANICZENIA GWARANCJI PHILLIP GATTI<br \/>Gwarancja Phillip Gatti nie obejmuje: (a) zegark\u00f3w innych ni\u017c Phillip Gatti, (b) baterii, (c) rutynowej konserwacji i czyszczenia, (d) wszelkiego rodzaju uszkodze\u0144, je\u015bli istniej\u0105 dowody na to, \u017ce uszkodzenie zosta\u0142o spowodowane wypadkiem, niew\u0142a\u015bciwym u\u017cytkowaniem lub niew\u0142a\u015bciwym obchodzeniem si\u0119 z jak\u0105kolwiek cz\u0119\u015bci\u0105 zegarka, zu\u017cyciem lub jakimkolwiek innym czynnikiem ni\u017c wada produkcyjna lub materia\u0142owa zegarka, (e) przedostanie si\u0119 wody spowodowane u\u017cytkowaniem niezgodnym z oznaczeniem ATM (Atmospheres) zegarka, (f) uszkodzenie wynikaj\u0105ce z naprawy, serwisowania lub modyfikacji przez kogokolwiek innego ni\u017c autoryzowany sprzedawca lub us\u0142ugodawca Phillip Gatti<\/p><p>3. CO ROBIMY W PRZYPADKU REKLAMACJI GWARANCYJNEJ<br \/>Je\u015bli w okresie gwarancyjnym zg\u0142osisz roszczenie obj\u0119te niniejsz\u0105 gwarancj\u0105, Phillip Gatti wed\u0142ug w\u0142asnego uznania naprawi zegarek przy u\u017cyciu nowych i\/lub wcze\u015bniej u\u017cywanych cz\u0119\u015bci, kt\u00f3re s\u0105 r\u00f3wnowa\u017cne nowym pod wzgl\u0119dem wydajno\u015bci i niezawodno\u015bci\u00a0lub wymieni zegarek Phillip Gatti na ten sam model (lub za Twoj\u0105 zgod\u0105 na inny model). Nie zostaniesz obci\u0105\u017cony kosztami naprawy lub wymiany w ramach niniejszej gwarancji, je\u015bli Twoje roszczenie gwarancyjne mie\u015bci si\u0119 w zakresie niniejszej gwarancji Phillip Gatti. Je\u015bli gwarancja Phillip Gatti nie ma zastosowania, jest uniewa\u017cniona lub odrzucona, Phillip Gatti poinformuje Ci\u0119 o tym fakcie i b\u0119dziesz m\u00f3g\u0142 zdecydowa\u0107, czy przyst\u0105pi\u0107 do naprawy lub wymiany, czy te\u017c \u017cyczy\u0107 sobie zwrotu zegarka.\u00a0Je\u015bli zdecydujesz si\u0119 kontynuowa\u0107, zostaniesz obci\u0105\u017cony cz\u0119\u015bci\u0105 lub ca\u0142o\u015bci\u0105 naprawy lub wymiany, w tym kosztami wysy\u0142ki zwrotnej i obs\u0142ugi.<\/p><p>4. JAK UZYSKA\u0106 \u200b\u200bNASZ\u0104 US\u0141UG\u0118 NAPRAWCZ\u0104<br \/>Aby uzyska\u0107 napraw\u0119 lub wymian\u0119 zegarka Phillip Gatti w ramach niniejszej gwarancji, skontaktuj si\u0119 z nami korzystaj\u0105c z nast\u0119puj\u0105cego adresu: kontakt@phillipgatti.pl. Ponadto, aby uzyska\u0107 napraw\u0119 lub wymian\u0119 zegarka Phillip Gatti w ramach niniejszej gwarancji, do zwr\u00f3conego zegarka nale\u017cy do\u0142\u0105czy\u0107 dow\u00f3d zakupu (tj. paragon lub potwierdzenie przelewu za zakup danego zegarka Phillip Gatti). Je\u015bli wysy\u0142asz zegarek do naprawy lub wymiany, upewnij si\u0119, \u017ce jest on starannie zapakowany, by unikn\u0105\u0107 uszkodze\u0144 podczas transportu.<\/p>\t\t\t\t\t\t\t\t<\/div>\n\t\t\t\t\t<\/div>\n\t\t\t\t<\/div>\n\t\t\t\t<\/div>","protected":false},"excerpt":{"rendered":"<p>Gwarancja GWARANCJA Poni\u017csza gwarancja dotyczy wy\u0142\u0105cznie oryginalnych zegark\u00f3w Phillip Gatti zakupionych w oryginalnym opakowaniu bezpo\u015brednio na stronie www.phillipgatti.pl lub w autoryzowanym punkcie sprzeda\u017cy zegark\u00f3w marki Phillip Gatti. 1. CO OBEJMUJE GWARANCJA PHILLIP GATTINiniejsza gwarancja Phillip Gatti obejmuje wady produkcyjne i materia\u0142owe na okres dwudziestu czterech (24) miesi\u0119cy od daty pierwotnego zakupu detalicznego (\u201eOkres gwarancji\u201d). &#8222;Gwarancja [&hellip;]<\/p>","protected":false},"author":1,"featured_media":1609,"parent":0,"menu_order":0,"comment_status":"closed","ping_status":"closed","template":"elementor_header_footer","meta":{"footnotes":""},"class_list":["post-2382","page","type-page","status-publish","has-post-thumbnail","hentry"],"yoast_head":"<!-- This site is optimized with the Yoast SEO plugin v26.4 - https:\/\/yoast.com\/wordpress\/plugins\/seo\/ -->\n<title>Gwarancja - PHILLIP GATTI<\/title>\n<meta name=\"robots\" content=\"index, follow, max-snippet:-1, max-image-preview:large, max-video-preview:-1\" \/>\n<link rel=\"canonical\" href=\"https:\/\/phillipgatti.pl\/en\/gwarancja\/\" \/>\n<meta property=\"og:locale\" content=\"en_US\" \/>\n<meta property=\"og:type\" content=\"article\" \/>\n<meta property=\"og:title\" content=\"Gwarancja - PHILLIP GATTI\" \/>\n<meta property=\"og:description\" content=\"Gwarancja GWARANCJA Poni\u017csza gwarancja dotyczy wy\u0142\u0105cznie oryginalnych zegark\u00f3w Phillip Gatti zakupionych w oryginalnym opakowaniu bezpo\u015brednio na stronie www.phillipgatti.pl lub w autoryzowanym punkcie sprzeda\u017cy zegark\u00f3w marki Phillip Gatti. 1. CO OBEJMUJE GWARANCJA PHILLIP GATTINiniejsza gwarancja Phillip Gatti obejmuje wady produkcyjne i materia\u0142owe na okres dwudziestu czterech (24) miesi\u0119cy od daty pierwotnego zakupu detalicznego (\u201eOkres gwarancji\u201d). &#8222;Gwarancja [&hellip;]\" \/>\n<meta property=\"og:url\" content=\"https:\/\/phillipgatti.pl\/en\/gwarancja\/\" \/>\n<meta property=\"og:site_name\" content=\"PHILLIP GATTI\" \/>\n<meta property=\"article:publisher\" content=\"https:\/\/www.facebook.com\/avatarnia\" \/>\n<meta property=\"article:modified_time\" content=\"2023-11-03T17:50:34+00:00\" \/>\n<meta property=\"og:image\" content=\"https:\/\/phillipgatti.pl\/wp-content\/uploads\/2023\/04\/Term-of-USe.jpg\" \/>\n\t<meta property=\"og:image:width\" content=\"400\" \/>\n\t<meta property=\"og:image:height\" content=\"380\" \/>\n\t<meta property=\"og:image:type\" content=\"image\/jpeg\" \/>\n<meta name=\"twitter:card\" content=\"summary_large_image\" \/>\n<meta name=\"twitter:label1\" content=\"Est. reading time\" \/>\n\t<meta name=\"twitter:data1\" content=\"3 minutes\" \/>\n<script type=\"application\/ld+json\" class=\"yoast-schema-graph\">{\"@context\":\"https:\/\/schema.org\",\"@graph\":[{\"@type\":\"WebPage\",\"@id\":\"https:\/\/phillipgatti.pl\/gwarancja\/\",\"url\":\"https:\/\/phillipgatti.pl\/gwarancja\/\",\"name\":\"Gwarancja - PHILLIP GATTI\",\"isPartOf\":{\"@id\":\"https:\/\/phillipgatti.pl\/#website\"},\"primaryImageOfPage\":{\"@id\":\"https:\/\/phillipgatti.pl\/gwarancja\/#primaryimage\"},\"image\":{\"@id\":\"https:\/\/phillipgatti.pl\/gwarancja\/#primaryimage\"},\"thumbnailUrl\":\"https:\/\/phillipgatti.pl\/wp-content\/uploads\/2023\/04\/Term-of-USe.jpg\",\"datePublished\":\"2023-05-26T05:34:24+00:00\",\"dateModified\":\"2023-11-03T17:50:34+00:00\",\"breadcrumb\":{\"@id\":\"https:\/\/phillipgatti.pl\/gwarancja\/#breadcrumb\"},\"inLanguage\":\"en-US\",\"potentialAction\":[{\"@type\":\"ReadAction\",\"target\":[\"https:\/\/phillipgatti.pl\/gwarancja\/\"]}]},{\"@type\":\"ImageObject\",\"inLanguage\":\"en-US\",\"@id\":\"https:\/\/phillipgatti.pl\/gwarancja\/#primaryimage\",\"url\":\"https:\/\/phillipgatti.pl\/wp-content\/uploads\/2023\/04\/Term-of-USe.jpg\",\"contentUrl\":\"https:\/\/phillipgatti.pl\/wp-content\/uploads\/2023\/04\/Term-of-USe.jpg\",\"width\":400,\"height\":380},{\"@type\":\"BreadcrumbList\",\"@id\":\"https:\/\/phillipgatti.pl\/gwarancja\/#breadcrumb\",\"itemListElement\":[{\"@type\":\"ListItem\",\"position\":1,\"name\":\"Strona g\u0142\u00f3wna\",\"item\":\"https:\/\/phillipgatti.pl\/\"},{\"@type\":\"ListItem\",\"position\":2,\"name\":\"Gwarancja\"}]},{\"@type\":\"WebSite\",\"@id\":\"https:\/\/phillipgatti.pl\/#website\",\"url\":\"https:\/\/phillipgatti.pl\/\",\"name\":\"PHILLIP GATTI\",\"description\":\"Czas dla koneser&oacute;w - Zegarki PHILLIP GATTI\",\"publisher\":{\"@id\":\"https:\/\/phillipgatti.pl\/#organization\"},\"potentialAction\":[{\"@type\":\"SearchAction\",\"target\":{\"@type\":\"EntryPoint\",\"urlTemplate\":\"https:\/\/phillipgatti.pl\/?s={search_term_string}\"},\"query-input\":{\"@type\":\"PropertyValueSpecification\",\"valueRequired\":true,\"valueName\":\"search_term_string\"}}],\"inLanguage\":\"en-US\"},{\"@type\":\"Organization\",\"@id\":\"https:\/\/phillipgatti.pl\/#organization\",\"name\":\"phillipgatti.pl\",\"url\":\"https:\/\/phillipgatti.pl\/\",\"logo\":{\"@type\":\"ImageObject\",\"inLanguage\":\"en-US\",\"@id\":\"https:\/\/phillipgatti.pl\/#\/schema\/logo\/image\/\",\"url\":\"https:\/\/phillipgatti.pl\/wp-content\/uploads\/2023\/07\/cropped-pg-logo.jpg\",\"contentUrl\":\"https:\/\/phillipgatti.pl\/wp-content\/uploads\/2023\/07\/cropped-pg-logo.jpg\",\"width\":512,\"height\":512,\"caption\":\"phillipgatti.pl\"},\"image\":{\"@id\":\"https:\/\/phillipgatti.pl\/#\/schema\/logo\/image\/\"},\"sameAs\":[\"https:\/\/www.facebook.com\/avatarnia\",\"https:\/\/www.youtube.com\/@avatarnia6404\",\"https:\/\/www.tiktok.com\/@avatarnia?lang=en\",\"https:\/\/www.instagram.com\/avatarnia.pl\/\"]}]}<\/script>\n<!-- \/ Yoast SEO plugin. -->","yoast_head_json":{"title":"Gwarancja - PHILLIP GATTI","robots":{"index":"index","follow":"follow","max-snippet":"max-snippet:-1","max-image-preview":"max-image-preview:large","max-video-preview":"max-video-preview:-1"},"canonical":"https:\/\/phillipgatti.pl\/en\/gwarancja\/","og_locale":"en_US","og_type":"article","og_title":"Gwarancja - PHILLIP GATTI","og_description":"Gwarancja GWARANCJA Poni\u017csza gwarancja dotyczy wy\u0142\u0105cznie oryginalnych zegark\u00f3w Phillip Gatti zakupionych w oryginalnym opakowaniu bezpo\u015brednio na stronie www.phillipgatti.pl lub w autoryzowanym punkcie sprzeda\u017cy zegark\u00f3w marki Phillip Gatti. 1. CO OBEJMUJE GWARANCJA PHILLIP GATTINiniejsza gwarancja Phillip Gatti obejmuje wady produkcyjne i materia\u0142owe na okres dwudziestu czterech (24) miesi\u0119cy od daty pierwotnego zakupu detalicznego (\u201eOkres gwarancji\u201d). &#8222;Gwarancja [&hellip;]","og_url":"https:\/\/phillipgatti.pl\/en\/gwarancja\/","og_site_name":"PHILLIP GATTI","article_publisher":"https:\/\/www.facebook.com\/avatarnia","article_modified_time":"2023-11-03T17:50:34+00:00","og_image":[{"width":400,"height":380,"url":"https:\/\/phillipgatti.pl\/wp-content\/uploads\/2023\/04\/Term-of-USe.jpg","type":"image\/jpeg"}],"twitter_card":"summary_large_image","twitter_misc":{"Est. reading time":"3 minutes"},"schema":{"@context":"https:\/\/schema.org","@graph":[{"@type":"WebPage","@id":"https:\/\/phillipgatti.pl\/gwarancja\/","url":"https:\/\/phillipgatti.pl\/gwarancja\/","name":"Gwarancja - PHILLIP GATTI","isPartOf":{"@id":"https:\/\/phillipgatti.pl\/#website"},"primaryImageOfPage":{"@id":"https:\/\/phillipgatti.pl\/gwarancja\/#primaryimage"},"image":{"@id":"https:\/\/phillipgatti.pl\/gwarancja\/#primaryimage"},"thumbnailUrl":"https:\/\/phillipgatti.pl\/wp-content\/uploads\/2023\/04\/Term-of-USe.jpg","datePublished":"2023-05-26T05:34:24+00:00","dateModified":"2023-11-03T17:50:34+00:00","breadcrumb":{"@id":"https:\/\/phillipgatti.pl\/gwarancja\/#breadcrumb"},"inLanguage":"en-US","potentialAction":[{"@type":"ReadAction","target":["https:\/\/phillipgatti.pl\/gwarancja\/"]}]},{"@type":"ImageObject","inLanguage":"en-US","@id":"https:\/\/phillipgatti.pl\/gwarancja\/#primaryimage","url":"https:\/\/phillipgatti.pl\/wp-content\/uploads\/2023\/04\/Term-of-USe.jpg","contentUrl":"https:\/\/phillipgatti.pl\/wp-content\/uploads\/2023\/04\/Term-of-USe.jpg","width":400,"height":380},{"@type":"BreadcrumbList","@id":"https:\/\/phillipgatti.pl\/gwarancja\/#breadcrumb","itemListElement":[{"@type":"ListItem","position":1,"name":"Strona g\u0142\u00f3wna","item":"https:\/\/phillipgatti.pl\/"},{"@type":"ListItem","position":2,"name":"Gwarancja"}]},{"@type":"WebSite","@id":"https:\/\/phillipgatti.pl\/#website","url":"https:\/\/phillipgatti.pl\/","name":"PHILLIP GATTI","description":"Czas dla koneser&oacute;w - Zegarki PHILLIP GATTI","publisher":{"@id":"https:\/\/phillipgatti.pl\/#organization"},"potentialAction":[{"@type":"SearchAction","target":{"@type":"EntryPoint","urlTemplate":"https:\/\/phillipgatti.pl\/?s={search_term_string}"},"query-input":{"@type":"PropertyValueSpecification","valueRequired":true,"valueName":"search_term_string"}}],"inLanguage":"en-US"},{"@type":"Organization","@id":"https:\/\/phillipgatti.pl\/#organization","name":"phillipgatti.pl","url":"https:\/\/phillipgatti.pl\/","logo":{"@type":"ImageObject","inLanguage":"en-US","@id":"https:\/\/phillipgatti.pl\/#\/schema\/logo\/image\/","url":"https:\/\/phillipgatti.pl\/wp-content\/uploads\/2023\/07\/cropped-pg-logo.jpg","contentUrl":"https:\/\/phillipgatti.pl\/wp-content\/uploads\/2023\/07\/cropped-pg-logo.jpg","width":512,"height":512,"caption":"phillipgatti.pl"},"image":{"@id":"https:\/\/phillipgatti.pl\/#\/schema\/logo\/image\/"},"sameAs":["https:\/\/www.facebook.com\/avatarnia","https:\/\/www.youtube.com\/@avatarnia6404","https:\/\/www.tiktok.com\/@avatarnia?lang=en","https:\/\/www.instagram.com\/avatarnia.pl\/"]}]}},"_links":{"self":[{"href":"https:\/\/phillipgatti.pl\/en\/wp-json\/wp\/v2\/pages\/2382","targetHints":{"allow":["GET"]}}],"collection":[{"href":"https:\/\/phillipgatti.pl\/en\/wp-json\/wp\/v2\/pages"}],"about":[{"href":"https:\/\/phillipgatti.pl\/en\/wp-json\/wp\/v2\/types\/page"}],"author":[{"embeddable":true,"href":"https:\/\/phillipgatti.pl\/en\/wp-json\/wp\/v2\/users\/1"}],"replies":[{"embeddable":true,"href":"https:\/\/phillipgatti.pl\/en\/wp-json\/wp\/v2\/comments?post=2382"}],"version-history":[{"count":22,"href":"https:\/\/phillipgatti.pl\/en\/wp-json\/wp\/v2\/pages\/2382\/revisions"}],"predecessor-version":[{"id":3007,"href":"https:\/\/phillipgatti.pl\/en\/wp-json\/wp\/v2\/pages\/2382\/revisions\/3007"}],"wp:featuredmedia":[{"embeddable":true,"href":"https:\/\/phillipgatti.pl\/en\/wp-json\/wp\/v2\/media\/1609"}],"wp:attachment":[{"href":"https:\/\/phillipgatti.pl\/en\/wp-json\/wp\/v2\/media?parent=2382"}],"curies":[{"name":"wp","href":"https:\/\/api.w.org\/{rel}","templated":true}]}}