{"id":1610,"date":"2023-04-15T00:08:17","date_gmt":"2023-04-15T00:08:17","guid":{"rendered":"https:\/\/phillipgatti.pl\/my-account-2\/"},"modified":"2023-11-03T20:51:17","modified_gmt":"2023-11-03T19:51:17","slug":"my-account-2","status":"publish","type":"page","link":"https:\/\/phillipgatti.pl\/en\/my-account-2\/","title":{"rendered":"My account"},"content":{"rendered":"<div data-elementor-type=\"wp-page\" data-elementor-id=\"1610\" class=\"elementor elementor-1610\" data-elementor-post-type=\"page\">\n\t\t\t\t<div class=\"elementor-element elementor-element-700b4198 e-flex e-con-boxed e-con e-parent\" data-id=\"700b4198\" data-element_type=\"container\" data-settings=\"{&quot;background_background&quot;:&quot;classic&quot;}\">\n\t\t\t\t\t<div class=\"e-con-inner\">\n\t\t\t\t<div class=\"elementor-element elementor-element-b230a4b elementor-widget elementor-widget-heading\" data-id=\"b230a4b\" data-element_type=\"widget\" data-widget_type=\"heading.default\">\n\t\t\t\t\t<h2 class=\"elementor-heading-title elementor-size-default\">Moje konto<\/h2>\t\t\t\t<\/div>\n\t\t\t\t<div class=\"elementor-element elementor-element-472f9698 e-my-account-tabs-horizontal elementor-widget elementor-widget-woocommerce-my-account\" data-id=\"472f9698\" data-element_type=\"widget\" data-widget_type=\"woocommerce-my-account.default\">\n\t\t\t\t\t<div class=\"e-my-account-tab e-my-account-tab__\">\t\t\t<div class=\"woocommerce\"><\/div>\t\t<\/div>\n\t\t\t\t\t\t<\/div>\n\t\t\t\t\t<\/div>\n\t\t\t\t<\/div>\n\t\t\t\t<\/div>","protected":false},"excerpt":{"rendered":"<p>Moje konto Panel Zam\u00f3wienia Pobierz Adres Konto Wyloguj Panel Zam\u00f3wienia Pobierz Adres Konto Wyloguj Panel Zam\u00f3wienia Pobierz Adres Konto Wyloguj Panel Zam\u00f3wienia Pobierz Adres Konto Wyloguj Witaj admin (nie jeste\u015b admin? Wyloguj si\u0119) W ustawieniach swojego konta mo\u017cesz przejrze\u0107 swoje ostatnie zam\u00f3wienia, zarz\u0105dza\u0107 adresami p\u0142atno\u015bci i dostawy oraz zmienia\u0107 has\u0142o i szczeg\u00f3\u0142y konta.<\/p>","protected":false},"author":1,"featured_media":1613,"parent":0,"menu_order":0,"comment_status":"closed","ping_status":"closed","template":"elementor_header_footer","meta":{"footnotes":""},"class_list":["post-1610","page","type-page","status-publish","has-post-thumbnail","hentry"],"yoast_head":"<!-- This site is optimized with the Yoast SEO plugin v26.4 - https:\/\/yoast.com\/wordpress\/plugins\/seo\/ -->\n<title>My account - PHILLIP GATTI<\/title>\n<meta name=\"robots\" content=\"index, follow, max-snippet:-1, max-image-preview:large, max-video-preview:-1\" \/>\n<link rel=\"canonical\" href=\"https:\/\/phillipgatti.pl\/en\/my-account-2\/\" \/>\n<meta property=\"og:locale\" content=\"en_US\" \/>\n<meta property=\"og:type\" content=\"article\" \/>\n<meta property=\"og:title\" content=\"My account - PHILLIP GATTI\" \/>\n<meta property=\"og:description\" content=\"Moje konto Panel Zam\u00f3wienia Pobierz Adres Konto Wyloguj Panel Zam\u00f3wienia Pobierz Adres Konto Wyloguj Panel Zam\u00f3wienia Pobierz Adres Konto Wyloguj Panel Zam\u00f3wienia Pobierz Adres Konto Wyloguj Witaj admin (nie jeste\u015b admin? Wyloguj si\u0119) W ustawieniach swojego konta mo\u017cesz przejrze\u0107 swoje ostatnie zam\u00f3wienia, zarz\u0105dza\u0107 adresami p\u0142atno\u015bci i dostawy oraz zmienia\u0107 has\u0142o i szczeg\u00f3\u0142y konta.\" \/>\n<meta property=\"og:url\" content=\"https:\/\/phillipgatti.pl\/en\/my-account-2\/\" \/>\n<meta property=\"og:site_name\" content=\"PHILLIP GATTI\" \/>\n<meta property=\"article:publisher\" content=\"https:\/\/www.facebook.com\/avatarnia\" \/>\n<meta property=\"article:modified_time\" content=\"2023-11-03T19:51:17+00:00\" \/>\n<meta property=\"og:image\" content=\"https:\/\/phillipgatti.pl\/wp-content\/uploads\/2023\/04\/my-account-page.jpg\" \/>\n\t<meta property=\"og:image:width\" content=\"400\" \/>\n\t<meta property=\"og:image:height\" content=\"380\" \/>\n\t<meta property=\"og:image:type\" content=\"image\/jpeg\" \/>\n<meta name=\"twitter:card\" content=\"summary_large_image\" \/>\n<meta name=\"twitter:label1\" content=\"Est. reading time\" \/>\n\t<meta name=\"twitter:data1\" content=\"1 minute\" \/>\n<script type=\"application\/ld+json\" class=\"yoast-schema-graph\">{\"@context\":\"https:\/\/schema.org\",\"@graph\":[{\"@type\":\"WebPage\",\"@id\":\"https:\/\/phillipgatti.pl\/my-account-2\/\",\"url\":\"https:\/\/phillipgatti.pl\/my-account-2\/\",\"name\":\"My account - PHILLIP GATTI\",\"isPartOf\":{\"@id\":\"https:\/\/phillipgatti.pl\/#website\"},\"primaryImageOfPage\":{\"@id\":\"https:\/\/phillipgatti.pl\/my-account-2\/#primaryimage\"},\"image\":{\"@id\":\"https:\/\/phillipgatti.pl\/my-account-2\/#primaryimage\"},\"thumbnailUrl\":\"https:\/\/phillipgatti.pl\/wp-content\/uploads\/2023\/04\/my-account-page.jpg\",\"datePublished\":\"2023-04-15T00:08:17+00:00\",\"dateModified\":\"2023-11-03T19:51:17+00:00\",\"breadcrumb\":{\"@id\":\"https:\/\/phillipgatti.pl\/my-account-2\/#breadcrumb\"},\"inLanguage\":\"en-US\",\"potentialAction\":[{\"@type\":\"ReadAction\",\"target\":[\"https:\/\/phillipgatti.pl\/my-account-2\/\"]}]},{\"@type\":\"ImageObject\",\"inLanguage\":\"en-US\",\"@id\":\"https:\/\/phillipgatti.pl\/my-account-2\/#primaryimage\",\"url\":\"https:\/\/phillipgatti.pl\/wp-content\/uploads\/2023\/04\/my-account-page.jpg\",\"contentUrl\":\"https:\/\/phillipgatti.pl\/wp-content\/uploads\/2023\/04\/my-account-page.jpg\",\"width\":400,\"height\":380},{\"@type\":\"BreadcrumbList\",\"@id\":\"https:\/\/phillipgatti.pl\/my-account-2\/#breadcrumb\",\"itemListElement\":[{\"@type\":\"ListItem\",\"position\":1,\"name\":\"Strona g\u0142\u00f3wna\",\"item\":\"https:\/\/phillipgatti.pl\/\"},{\"@type\":\"ListItem\",\"position\":2,\"name\":\"My account\"}]},{\"@type\":\"WebSite\",\"@id\":\"https:\/\/phillipgatti.pl\/#website\",\"url\":\"https:\/\/phillipgatti.pl\/\",\"name\":\"PHILLIP GATTI\",\"description\":\"Czas dla koneser&oacute;w - Zegarki PHILLIP GATTI\",\"publisher\":{\"@id\":\"https:\/\/phillipgatti.pl\/#organization\"},\"potentialAction\":[{\"@type\":\"SearchAction\",\"target\":{\"@type\":\"EntryPoint\",\"urlTemplate\":\"https:\/\/phillipgatti.pl\/?s={search_term_string}\"},\"query-input\":{\"@type\":\"PropertyValueSpecification\",\"valueRequired\":true,\"valueName\":\"search_term_string\"}}],\"inLanguage\":\"en-US\"},{\"@type\":\"Organization\",\"@id\":\"https:\/\/phillipgatti.pl\/#organization\",\"name\":\"phillipgatti.pl\",\"url\":\"https:\/\/phillipgatti.pl\/\",\"logo\":{\"@type\":\"ImageObject\",\"inLanguage\":\"en-US\",\"@id\":\"https:\/\/phillipgatti.pl\/#\/schema\/logo\/image\/\",\"url\":\"https:\/\/phillipgatti.pl\/wp-content\/uploads\/2023\/07\/cropped-pg-logo.jpg\",\"contentUrl\":\"https:\/\/phillipgatti.pl\/wp-content\/uploads\/2023\/07\/cropped-pg-logo.jpg\",\"width\":512,\"height\":512,\"caption\":\"phillipgatti.pl\"},\"image\":{\"@id\":\"https:\/\/phillipgatti.pl\/#\/schema\/logo\/image\/\"},\"sameAs\":[\"https:\/\/www.facebook.com\/avatarnia\",\"https:\/\/www.youtube.com\/@avatarnia6404\",\"https:\/\/www.tiktok.com\/@avatarnia?lang=en\",\"https:\/\/www.instagram.com\/avatarnia.pl\/\"]}]}<\/script>\n<!-- \/ Yoast SEO plugin. -->","yoast_head_json":{"title":"My account - PHILLIP GATTI","robots":{"index":"index","follow":"follow","max-snippet":"max-snippet:-1","max-image-preview":"max-image-preview:large","max-video-preview":"max-video-preview:-1"},"canonical":"https:\/\/phillipgatti.pl\/en\/my-account-2\/","og_locale":"en_US","og_type":"article","og_title":"My account - PHILLIP GATTI","og_description":"Moje konto Panel Zam\u00f3wienia Pobierz Adres Konto Wyloguj Panel Zam\u00f3wienia Pobierz Adres Konto Wyloguj Panel Zam\u00f3wienia Pobierz Adres Konto Wyloguj Panel Zam\u00f3wienia Pobierz Adres Konto Wyloguj Witaj admin (nie jeste\u015b admin? Wyloguj si\u0119) W ustawieniach swojego konta mo\u017cesz przejrze\u0107 swoje ostatnie zam\u00f3wienia, zarz\u0105dza\u0107 adresami p\u0142atno\u015bci i dostawy oraz zmienia\u0107 has\u0142o i szczeg\u00f3\u0142y konta.","og_url":"https:\/\/phillipgatti.pl\/en\/my-account-2\/","og_site_name":"PHILLIP GATTI","article_publisher":"https:\/\/www.facebook.com\/avatarnia","article_modified_time":"2023-11-03T19:51:17+00:00","og_image":[{"width":400,"height":380,"url":"https:\/\/phillipgatti.pl\/wp-content\/uploads\/2023\/04\/my-account-page.jpg","type":"image\/jpeg"}],"twitter_card":"summary_large_image","twitter_misc":{"Est. reading time":"1 minute"},"schema":{"@context":"https:\/\/schema.org","@graph":[{"@type":"WebPage","@id":"https:\/\/phillipgatti.pl\/my-account-2\/","url":"https:\/\/phillipgatti.pl\/my-account-2\/","name":"My account - PHILLIP GATTI","isPartOf":{"@id":"https:\/\/phillipgatti.pl\/#website"},"primaryImageOfPage":{"@id":"https:\/\/phillipgatti.pl\/my-account-2\/#primaryimage"},"image":{"@id":"https:\/\/phillipgatti.pl\/my-account-2\/#primaryimage"},"thumbnailUrl":"https:\/\/phillipgatti.pl\/wp-content\/uploads\/2023\/04\/my-account-page.jpg","datePublished":"2023-04-15T00:08:17+00:00","dateModified":"2023-11-03T19:51:17+00:00","breadcrumb":{"@id":"https:\/\/phillipgatti.pl\/my-account-2\/#breadcrumb"},"inLanguage":"en-US","potentialAction":[{"@type":"ReadAction","target":["https:\/\/phillipgatti.pl\/my-account-2\/"]}]},{"@type":"ImageObject","inLanguage":"en-US","@id":"https:\/\/phillipgatti.pl\/my-account-2\/#primaryimage","url":"https:\/\/phillipgatti.pl\/wp-content\/uploads\/2023\/04\/my-account-page.jpg","contentUrl":"https:\/\/phillipgatti.pl\/wp-content\/uploads\/2023\/04\/my-account-page.jpg","width":400,"height":380},{"@type":"BreadcrumbList","@id":"https:\/\/phillipgatti.pl\/my-account-2\/#breadcrumb","itemListElement":[{"@type":"ListItem","position":1,"name":"Strona g\u0142\u00f3wna","item":"https:\/\/phillipgatti.pl\/"},{"@type":"ListItem","position":2,"name":"My account"}]},{"@type":"WebSite","@id":"https:\/\/phillipgatti.pl\/#website","url":"https:\/\/phillipgatti.pl\/","name":"PHILLIP GATTI","description":"Czas dla koneser&oacute;w - Zegarki PHILLIP GATTI","publisher":{"@id":"https:\/\/phillipgatti.pl\/#organization"},"potentialAction":[{"@type":"SearchAction","target":{"@type":"EntryPoint","urlTemplate":"https:\/\/phillipgatti.pl\/?s={search_term_string}"},"query-input":{"@type":"PropertyValueSpecification","valueRequired":true,"valueName":"search_term_string"}}],"inLanguage":"en-US"},{"@type":"Organization","@id":"https:\/\/phillipgatti.pl\/#organization","name":"phillipgatti.pl","url":"https:\/\/phillipgatti.pl\/","logo":{"@type":"ImageObject","inLanguage":"en-US","@id":"https:\/\/phillipgatti.pl\/#\/schema\/logo\/image\/","url":"https:\/\/phillipgatti.pl\/wp-content\/uploads\/2023\/07\/cropped-pg-logo.jpg","contentUrl":"https:\/\/phillipgatti.pl\/wp-content\/uploads\/2023\/07\/cropped-pg-logo.jpg","width":512,"height":512,"caption":"phillipgatti.pl"},"image":{"@id":"https:\/\/phillipgatti.pl\/#\/schema\/logo\/image\/"},"sameAs":["https:\/\/www.facebook.com\/avatarnia","https:\/\/www.youtube.com\/@avatarnia6404","https:\/\/www.tiktok.com\/@avatarnia?lang=en","https:\/\/www.instagram.com\/avatarnia.pl\/"]}]}},"_links":{"self":[{"href":"https:\/\/phillipgatti.pl\/en\/wp-json\/wp\/v2\/pages\/1610","targetHints":{"allow":["GET"]}}],"collection":[{"href":"https:\/\/phillipgatti.pl\/en\/wp-json\/wp\/v2\/pages"}],"about":[{"href":"https:\/\/phillipgatti.pl\/en\/wp-json\/wp\/v2\/types\/page"}],"author":[{"embeddable":true,"href":"https:\/\/phillipgatti.pl\/en\/wp-json\/wp\/v2\/users\/1"}],"replies":[{"embeddable":true,"href":"https:\/\/phillipgatti.pl\/en\/wp-json\/wp\/v2\/comments?post=1610"}],"version-history":[{"count":36,"href":"https:\/\/phillipgatti.pl\/en\/wp-json\/wp\/v2\/pages\/1610\/revisions"}],"predecessor-version":[{"id":3105,"href":"https:\/\/phillipgatti.pl\/en\/wp-json\/wp\/v2\/pages\/1610\/revisions\/3105"}],"wp:featuredmedia":[{"embeddable":true,"href":"https:\/\/phillipgatti.pl\/en\/wp-json\/wp\/v2\/media\/1613"}],"wp:attachment":[{"href":"https:\/\/phillipgatti.pl\/en\/wp-json\/wp\/v2\/media?parent=1610"}],"curies":[{"name":"wp","href":"https:\/\/api.w.org\/{rel}","templated":true}]}}